{"id":10673,"date":"2021-01-14T02:54:33","date_gmt":"2021-01-14T01:54:33","guid":{"rendered":"https:\/\/www.creads.com\/accueil\/"},"modified":"2022-03-14T12:11:31","modified_gmt":"2022-03-14T11:11:31","slug":"home","status":"publish","type":"page","link":"https:\/\/www.creads.com\/en\/","title":{"rendered":"Accueil"},"content":{"rendered":"<section class=\"creads-block creads-hero background-gradient\">\n  <div class=\"background gradient\" data-color-1=\"#070043\" data-color-2=\"#05002f\" style=\"background: linear-gradient(180deg, #070043 0%, #05002f 100%);\"><\/div>  <div class=\"container white\">\n    <h1 class=\"hero-title title-big\"><span style=\"font-size:2.3rem\">Video Motion, Branding, Ads, Digital Campaign, Social Media Marketing, Copywritting&#8230;<\/span><\/h1><p class=\"text\">Creads, exceptional creations<br \/>\r\n<b>for the world&#8217;s biggest brands<\/b><br \/>\r\n<span style=\"font-size:.75rem\">Ebay, Disney, Pinterest, Amex, Airbus, Soci\u00e9t\u00e9 G\u00e9n\u00e9rale, Fnac Darty, Renault&#8230;<\/span><\/p><p class=\"services-label\"><\/p><div class=\"service-links\"><\/div><div class=\"creads-buttons-container\"><a class=\"creads-button normal\" href=\"https:\/\/trustfolio.co\/profil\/creads-r1exq4fklQW\" target=\"_blank\">Discover Trustfolio&#8217;s certified reviews <\/a><a class=\"creads-button white\" href=\"\">See our work<\/a><\/div>  <\/div>\n  <\/section>\n\n\n<section class=\"creads-block creads-projects-services\">\n  <div class=\"projects-container\">\n    <div class=\"container\">\n      <h2>THEY ARE CREADS ADDICTS<\/h2><p class=\"intro\">Warning: this doesn\u2019t just happen to others!<\/p>    <\/div>\n    <div class=\"last-projects-container advanced-3\">\n      <div class=\"project project-1\" style=\"background-color:#bb2c23;\"><div class=\"illustration-container\"><img decoding=\"async\" srcset=\"https:\/\/www.creads.com\/wp-content\/uploads\/2021\/01\/home-burger-king-mobile.png 750w, https:\/\/www.creads.com\/wp-content\/uploads\/2021\/01\/home-burger-king.png 2000w\" sizes=\"(max-width: 1000px) 1px, 100vw\" src=\"https:\/\/www.creads.com\/wp-content\/uploads\/2021\/01\/home-burger-king.png\" alt=\"Cr\u00e9ation Burger King\" \/><\/div><div class=\"infos\"><img decoding=\"async\" class=\"logo\" src=\"https:\/\/www.creads.com\/wp-content\/uploads\/2021\/01\/home-burger-king-logo.png\" alt=\"Burger King\" \/><p class=\"text\">Burger King has relied on Creads to create their social media visuals!<\/p><a class=\"creads-button white\" href=\"https:\/\/www.creads.com\/en\/design-portfolio\/?f1=518\" style=\"color:#bb2c23 !important;\">See project<\/a><\/div><\/div><div class=\"project project-2\" style=\"background-color:#02b9e5;\"><div class=\"illustration-container\"><img decoding=\"async\" srcset=\"https:\/\/www.creads.com\/wp-content\/uploads\/2021\/01\/home-ouibus-mobile.png 750w, https:\/\/www.creads.com\/wp-content\/uploads\/2021\/01\/home-ouibus.png 2000w\" sizes=\"(max-width: 1000px) 1px, 100vw\" src=\"https:\/\/www.creads.com\/wp-content\/uploads\/2021\/01\/home-ouibus.png\" alt=\"Cr\u00e9ation OUIBUS\" \/><\/div><div class=\"infos\"><img decoding=\"async\" class=\"logo\" src=\"https:\/\/www.creads.com\/wp-content\/uploads\/2021\/01\/home-ouibus-logo.png\" alt=\"OUIBUS\" \/><p class=\"text\">Check out the different<br \/>\r\nNewsletters we created<br \/>\r\nfor OuiBus<\/p><a class=\"creads-button white\" href=\"https:\/\/www.creads.com\/en\/design-portfolio\/?f1=635\" style=\"color:#02b9e5 !important;\">See projects<\/a><\/div><\/div><div class=\"project project-3\" style=\"background-color:#e0062c;\"><div class=\"illustration-container\"><img decoding=\"async\" srcset=\"https:\/\/www.creads.com\/wp-content\/uploads\/2021\/02\/pinterest-visuel-pt.jpg 750w, https:\/\/www.creads.com\/wp-content\/uploads\/2021\/02\/pinterest-kinder-3.png 2000w\" sizes=\"(max-width: 1000px) 1px, 100vw\" src=\"https:\/\/www.creads.com\/wp-content\/uploads\/2021\/02\/pinterest-kinder-3.png\" alt=\"Cr\u00e9ation Pinterest\" \/><\/div><div class=\"infos\"><img decoding=\"async\" class=\"logo\" src=\"https:\/\/www.creads.com\/wp-content\/uploads\/2021\/02\/logo-pinterest.png\" alt=\"Pinterest\" \/><p class=\"text\">Have a look at the <br \/>\r\nPinterest-optimised visuals<br \/>\r\nfrom our collaboration <br \/>\r\nwith  <b>Pinterest Partners<\/b><\/p><a class=\"creads-button white\" href=\"https:\/\/www.creads.com\/en\/design-portfolio\/?f1=560\" style=\"color:#e0062c !important;\">See projects<\/a><\/div><\/div>    <\/div>\n    <div class=\"more-projects-container\">\n      <img decoding=\"async\" srcset=\"https:\/\/www.creads.com\/wp-content\/uploads\/2021\/01\/clients-mobile.png 750w, https:\/\/www.creads.com\/wp-content\/uploads\/2021\/01\/clients-desktop.png 2000w\" sizes=\"(max-width: 1000px) 1px, 100vw\" src=\"https:\/\/www.creads.com\/wp-content\/uploads\/2021\/01\/clients-desktop.png\" alt=\"Liste logo client\" \/>\n      <div class=\"creads-buttons-container\"><a class=\"creads-button normal\" href=\"\">Check out all of our creations<\/a><\/div>    <\/div>\n  <\/div>\n  <div class=\"services-container container\">\n    <h2>Using the Creads method to take advantage of the best in creativity!<\/h2><p class=\"intro\"><b>80% of the success of a campaign is related to its creation<\/b><br \/>\r\nCREADS is the first online platform for content creation.<\/p>    <div class=\"categories-container\">\n      <div class=\"category\"><img decoding=\"async\" class=\"icon\" src=\"https:\/\/www.creads.com\/wp-content\/uploads\/2021\/01\/icon-pen.svg\" alt=\"Brand identity\" \/><div class=\"category-content\"><a href=\"https:\/\/www.creads.com\/creation-graphique\/#identite\"><h3>Brand identity<\/h3><\/a><\/div><\/div><div class=\"category\"><img decoding=\"async\" class=\"icon\" src=\"https:\/\/www.creads.com\/wp-content\/uploads\/2021\/01\/icon-web.svg\" alt=\"Digital campaigns\" \/><div class=\"category-content\"><a href=\"https:\/\/www.creads.com\/creation-graphique\/#digital\"><h3>Digital campaigns<\/h3><\/a><\/div><\/div><div class=\"category\"><img decoding=\"async\" class=\"icon\" src=\"https:\/\/www.creads.com\/wp-content\/uploads\/2021\/01\/icon-play.svg\" alt=\"Video and motion \" \/><div class=\"category-content\"><a href=\"https:\/\/www.creads.com\/creation-graphique\/#video-motion-design\"><h3>Video and motion <\/h3><\/a><\/div><\/div><div class=\"category\"><img decoding=\"async\" class=\"icon\" src=\"https:\/\/www.creads.com\/wp-content\/uploads\/2021\/01\/icon-writing.svg\" alt=\"Copywriting\" \/><div class=\"category-content\"><a href=\"https:\/\/www.creads.com\/creation-graphique\/#redaction\"><h3>Copywriting<\/h3><\/a><\/div><\/div><div class=\"category\"><img decoding=\"async\" class=\"icon\" src=\"https:\/\/www.creads.com\/wp-content\/uploads\/2021\/01\/icon-pencil.svg\" alt=\"Print\" \/><div class=\"category-content\"><a href=\"https:\/\/www.creads.com\/creation-graphique\/#print\"><h3>Print<\/h3><\/a><\/div><\/div><div class=\"category\"><img decoding=\"async\" class=\"icon\" src=\"https:\/\/www.creads.com\/wp-content\/uploads\/2021\/01\/icon-ruler.svg\" alt=\"Custom-made\" \/><div class=\"category-content\"><a href=\"https:\/\/www.creads.com\/creation-graphique\/#sur-mesure\"><h3>Custom-made<\/h3><\/a><\/div><\/div>    <\/div>\n    <div class=\"creads-buttons-container\"><a class=\"creads-button normal\" href=\"\">Check out our services<\/a><\/div>  <\/div>\n<\/section>\n\n\n<section class=\"creads-block creads-phone-carousel\">\n  <div class=\"text-container\">\n    <h2>HAVE WE MET <br \/>\r\nSOMEWHERE <br \/>\r\nBEFORE?<\/h2>\n    <p class=\"text\">We are the production platform for all advertising formats on all social media networks!<\/p>\n    <div class=\"icons-container\">\n      <img decoding=\"async\" src=\"https:\/\/www.creads.com\/wp-content\/uploads\/2021\/01\/icon-pinterest.svg\" alt=\"Cr\u00e9ation Pinterest\" \/><img decoding=\"async\" src=\"https:\/\/www.creads.com\/wp-content\/uploads\/2021\/01\/icon-linkedin.svg\" alt=\"Cr\u00e9ation LinkedIn\" \/><img decoding=\"async\" src=\"https:\/\/www.creads.com\/wp-content\/uploads\/2021\/01\/icon-snapchat.svg\" alt=\"Cr\u00e9ation Snapchat\" \/><img decoding=\"async\" src=\"https:\/\/www.creads.com\/wp-content\/uploads\/2021\/01\/icon-twitter.svg\" alt=\"Cr\u00e9ation Twitter\" \/><img decoding=\"async\" src=\"https:\/\/www.creads.com\/wp-content\/uploads\/2021\/01\/icon-facebook.svg\" alt=\"Cr\u00e9ation Facebook\" \/><img decoding=\"async\" src=\"https:\/\/www.creads.com\/wp-content\/uploads\/2021\/01\/icon-youtube.svg\" alt=\"Cr\u00e9ation YouTube\" \/><img decoding=\"async\" src=\"https:\/\/www.creads.com\/wp-content\/uploads\/2021\/01\/icon-tiktok.svg\" alt=\"Cr\u00e9ation TikTok\" \/>    <\/div>\n  <\/div>\n  <div class=\"phone-container\">\n    <div class=\"phone-wrapper\">\n      <img decoding=\"async\" class=\"phone-background\" srcset=\"https:\/\/www.creads.com\/wp-content\/themes\/creads\/dist\/images\/phone-carousel-mobile_53ff8dc3.png 700w, https:\/\/www.creads.com\/wp-content\/themes\/creads\/dist\/images\/phone-carousel_61b5bc41.png 1416w\" sizes=\"(max-width: 1000px) 1px, 100vw\" src=\"https:\/\/www.creads.com\/wp-content\/themes\/creads\/dist\/images\/phone-carousel_61b5bc41.png\" \/>\n      <div class=\"phone-carousel owl-carousel\">\n        <img decoding=\"async\" class=\"phone-slide\" srcset=\"https:\/\/www.creads.com\/wp-content\/uploads\/2021\/02\/pinterest-4-235x300-1.jpg 235w, https:\/\/www.creads.com\/wp-content\/uploads\/2021\/02\/pinterest-4.jpg 600w\" sizes=\"(max-width: 1000px) 1px, 100vw\" src=\"https:\/\/www.creads.com\/wp-content\/uploads\/2021\/02\/pinterest-4.jpg\" alt=\"Pinterest HelloFresh\" data-skip-lazy \/><img decoding=\"async\" class=\"phone-slide\" srcset=\"https:\/\/www.creads.com\/wp-content\/uploads\/2021\/02\/pinterest-1-235x300-1.jpg 235w, https:\/\/www.creads.com\/wp-content\/uploads\/2021\/02\/pinterest-1.jpg 600w\" sizes=\"(max-width: 1000px) 1px, 100vw\" src=\"https:\/\/www.creads.com\/wp-content\/uploads\/2021\/02\/pinterest-1.jpg\" alt=\"Pinterest Kinder\" data-skip-lazy \/><img decoding=\"async\" class=\"phone-slide\" srcset=\"https:\/\/www.creads.com\/wp-content\/uploads\/2021\/02\/pinterest-3-235x300-1.jpg 235w, https:\/\/www.creads.com\/wp-content\/uploads\/2021\/02\/pinterest-3.jpg 600w\" sizes=\"(max-width: 1000px) 1px, 100vw\" src=\"https:\/\/www.creads.com\/wp-content\/uploads\/2021\/02\/pinterest-3.jpg\" alt=\"pinterest Evian\" data-skip-lazy \/><img decoding=\"async\" class=\"phone-slide\" srcset=\"https:\/\/www.creads.com\/wp-content\/uploads\/2021\/10\/Home-caudalie-235x300.jpg 235w, https:\/\/www.creads.com\/wp-content\/uploads\/2021\/10\/Home-caudalie.jpg 600w\" sizes=\"(max-width: 1000px) 1px, 100vw\" src=\"https:\/\/www.creads.com\/wp-content\/uploads\/2021\/10\/Home-caudalie.jpg\" alt=\"Pub Caudalie Pinterest\" data-skip-lazy \/>      <\/div>\n      <p class=\"caption\">Creads, Pinterest&#8217;s creative partner in Europe <\/p>\n    <\/div>\n  <\/div>\n<\/section>\n\n\n<section class=\"creads-block creads-icons-keypoints\" id=\"la-methode-creads\">\n  <img decoding=\"async\" class=\"background\" srcset=\"https:\/\/www.creads.com\/wp-content\/uploads\/2021\/02\/home-creads-method-header-background-mobile.png 750w, https:\/\/www.creads.com\/wp-content\/uploads\/2021\/01\/home-creads-method-header-background-desktop.png 2000w\" sizes=\"(max-width: 1000px) 1px, 100vw\" src=\"https:\/\/www.creads.com\/wp-content\/uploads\/2021\/01\/home-creads-method-header-background-desktop.png\" \/>\n  <div class=\"title-container\">\n    <h2>The Creads<span class=\"color-blue\"> <br \/>\r\nmethod<\/span><\/h2>\n  <\/div>\n  <div class=\"icons-container container\">\n    <div class=\"icon-container\"><img decoding=\"async\" src=\"https:\/\/www.creads.com\/wp-content\/uploads\/2021\/01\/illustration-offrez-vous-un-creatif.png\" alt=\"illustration offrez vous un creatif\" \/><h3>Treat yourself to an exceptional creative collaborator<\/h3><p>Libert\u00e9, \u00e9galit\u00e9, cr\u00e9ativit\u00e9: since it was founded, Creads has understood that the best creative collaborators are freelancers, as they are free. Thanks to us, they work with a wide range of brands which fuels their inspiration. We carefully select each profile so that we only offer you true talent who will work with you remotely.<\/p><\/div><div class=\"icon-container\"><img decoding=\"async\" src=\"https:\/\/www.creads.com\/wp-content\/uploads\/2021\/01\/illustration-maitrisez-les-couts.png\" alt=\"illustration maitrise des couts\" \/><h3>Control costs and deadlines<\/h3><p>Thanks to more than 13 years of experience, we take full control of the price and deadline for each service. We only have good news for you; our products are standardised and our prices are fixed. No headaches: at Creads, 1 creation = 1 price.<\/p><\/div>  <\/div>\n  <div class=\"bubble-container\">\n    <svg class=\"bubble-background desktop\" width=\"1100\" height=\"320\" viewBox=\"0 0 1100 320\" fill=\"none\" xmlns=\"http:\/\/www.w3.org\/2000\/svg\">\n<path fill-rule=\"evenodd\" clip-rule=\"evenodd\" d=\"M15 0C6.71573 0 0 6.71573 0 15V285C0 293.284 6.71571 300 15 300H69.4976L85.678 316.18C89.5832 320.086 95.9149 320.086 99.8201 316.18L116 300H1085C1093.28 300 1100 293.284 1100 285V15C1100 6.71573 1093.28 0 1085 0H15Z\" fill=\"url(#paint0_linear)\"\/>\n<defs>\n<linearGradient id=\"paint0_linear\" x1=\"-1036\" y1=\"-922.875\" x2=\"930.054\" y2=\"995.853\" gradientUnits=\"userSpaceOnUse\">\n<stop stop-color=\"#FFEC00\"\/>\n<stop offset=\"0.161458\" stop-color=\"#EE7402\"\/>\n<stop offset=\"0.302083\" stop-color=\"#E30614\"\/>\n<stop offset=\"0.4375\" stop-color=\"#E6007B\"\/>\n<stop offset=\"0.59375\" stop-color=\"#6F2483\"\/>\n<stop offset=\"0.994792\" stop-color=\"#009FE3\"\/>\n<\/linearGradient>\n<\/defs>\n<\/svg>\n    <svg class=\"bubble-background mobile\" width=\"325\" height=\"128\" viewBox=\"0 0 325 128\" fill=\"none\" xmlns=\"http:\/\/www.w3.org\/2000\/svg\">\n<path fill-rule=\"evenodd\" clip-rule=\"evenodd\" d=\"M15 0C6.71573 0 0 6.71573 0 15V101C0 109.284 6.71573 116 15 116H146L154.432 124.432C158.337 128.337 164.668 128.337 168.574 124.432L177.005 116H310C318.284 116 325 109.284 325 101V15C325 6.71573 318.284 0 310 0H15Z\" fill=\"url(#paint0_linear)\"\/>\n<defs>\n<linearGradient id=\"paint0_linear\" x1=\"-306.091\" y1=\"-356.845\" x2=\"422.743\" y2=\"186.656\" gradientUnits=\"userSpaceOnUse\">\n<stop stop-color=\"#FFEC00\"\/>\n<stop offset=\"0.161458\" stop-color=\"#EE7402\"\/>\n<stop offset=\"0.302083\" stop-color=\"#E30614\"\/>\n<stop offset=\"0.4375\" stop-color=\"#E6007B\"\/>\n<stop offset=\"0.59375\" stop-color=\"#6F2483\"\/>\n<stop offset=\"0.994792\" stop-color=\"#009FE3\"\/>\n<\/linearGradient>\n<\/defs>\n<\/svg>\n    <div class=\"bubble-title-container\">\n      <h2>PROMOTE <br \/>\r\nYOUR<br \/>\r\nPROJECT!<\/h2>\n    <\/div>\n  <\/div>\n  <div class=\"keypoints-container container\">\n    <div class=\"keypoint\"><img decoding=\"async\" src=\"https:\/\/www.creads.com\/wp-content\/uploads\/2021\/01\/icon-magic-wand.svg\" alt=\"Baguette magique\" \/><h3>Manage your project remotely using our collaborative platform<\/h3><p>Our platform is intuitive and innovative, making exchanges and feedback on creative projects easy. You can be more productive and reduce costs without having to compromise on quality by automating time-consuming project management tasks.<\/p><\/div><div class=\"keypoint\"><img decoding=\"async\" src=\"https:\/\/www.creads.com\/wp-content\/uploads\/2021\/01\/icon-support.svg\" alt=\"Support\" \/><h3>Our Account <br \/>\r\nManagers will be by your side from the beginning to the end<\/h3><p>They carefully check your briefing with you, select the creative collaborator who perfectly suits your needs, and give them the tools to work in the best conditions, guaranteeing creation deadlines and prices.<\/p><\/div><div class=\"keypoint\"><img decoding=\"async\" src=\"https:\/\/www.creads.com\/wp-content\/uploads\/2021\/01\/icon-backup.svg\" alt=\"Sauvegarde\" \/><h3>Get your high-quality creative content on time and within budget!<\/h3><p>You can access your creative projects and source files online at any time thanks to our secure hosting.<\/p><\/div>  <\/div>\n<\/section>\n\n<section class=\"creads-block creads-banner background-color\" style=\"background-color:#3e2eca;\">\n    <div class=\"container white\">\n    <h3 class=\"banner-title\">So, what do you say?<\/h3><div class=\"creads-buttons-container\"><a class=\"creads-button white modal\" href=\"\" target=\"_blank\">Let us be part of your project<\/a><div class=\"creads-button-modal mfp-hide\"><H2>Let us be part of your project<\/H2>\r\n<!--[if lte IE 8]>\r\n<script charset=\"utf-8\" type=\"text\/javascript\" src=\"\/\/js.hsforms.net\/forms\/v2-legacy.js\"><\/script>\r\n<![endif]-->\r\n<script charset=\"utf-8\" type=\"text\/javascript\" src=\"\/\/js.hsforms.net\/forms\/v2.js\"><\/script>\r\n<script>\r\n  hbspt.forms.create({\r\n\tregion: \"na1\",\r\n\tportalId: \"2887728\",\r\n\tformId: \"611b9276-11ff-41e2-b22a-8ec3d6b5fbb9\"\r\n});\r\n<\/script><\/div><a class=\"creads-button dark\" href=\"\">Check out our accompanying process<\/a><\/div>  <\/div>\n<\/section>\n\n<section class=\"creads-block creads-key-numbers\" style=\"background-color:#f4f4f4;\">\n  <div class=\"container black\">\n    <h3>13 YEARS OF SUCCESS <br \/>\r\nARE STARTING TO SHOW!<\/h3>\n    <div class=\"numbers-container creads-countup-container\"><div class=\"number-container\"><p class=\"number\">+ <span class=\"creads-countup\">500000<\/span><\/p><p class=\"subtitle\">projects carried out<\/p><\/div><div class=\"number-container\"><p class=\"number\">+ <span class=\"creads-countup\">10000<\/span><\/p><p class=\"subtitle\">loyal customers around the world<\/p><\/div><div class=\"number-container\"><p class=\"number\">+ <span class=\"creads-countup\">53<\/span><\/p><p class=\"subtitle\">expert collaborators<\/p><\/div><div class=\"number-container\"><p class=\"number\">+ <span class=\"creads-countup\">5000<\/span><\/p><p class=\"subtitle\">qualified freelancers<\/p><\/div><div class=\"number-container\"><p class=\"number\"><span class=\"creads-countup\">80<\/span>%<\/p><p class=\"subtitle\">of the CAC 40 work with us<\/p><\/div><\/div>  <\/div>\n<\/section>","protected":false},"excerpt":{"rendered":"","protected":false},"author":1,"featured_media":0,"parent":0,"menu_order":0,"comment_status":"closed","ping_status":"closed","template":"","meta":{"_et_pb_use_builder":"","_et_pb_old_content":"","footnotes":""},"class_list":["post-10673","page","type-page","status-publish","hentry"],"yoast_head":"<!-- This site is optimized with the Yoast SEO plugin v23.8 - https:\/\/yoast.com\/wordpress\/plugins\/seo\/ -->\n<title>Creads : 1st Online Platform for Content Creation<\/title>\n<meta name=\"description\" content=\"Thanks to the Creads method, work with the best creative freelancers. Accompanying process, high-quality creative content on time and within budget.\" \/>\n<meta name=\"robots\" content=\"index, follow, max-snippet:-1, max-image-preview:large, max-video-preview:-1\" \/>\n<link rel=\"canonical\" href=\"https:\/\/www.creads.com\/en\/\" \/>\n<meta property=\"og:locale\" content=\"en_US\" \/>\n<meta property=\"og:type\" content=\"article\" \/>\n<meta property=\"og:title\" content=\"Creads : 1st Online Platform for Content Creation\" \/>\n<meta property=\"og:description\" content=\"Thanks to the Creads method, work with the best creative freelancers. Accompanying process, high-quality creative content on time and within budget.\" \/>\n<meta property=\"og:url\" content=\"https:\/\/www.creads.com\/en\/\" \/>\n<meta property=\"og:site_name\" content=\"CREADS\" \/>\n<meta property=\"article:publisher\" content=\"https:\/\/fr-fr.facebook.com\/creads\/\" \/>\n<meta property=\"article:modified_time\" content=\"2022-03-14T11:11:31+00:00\" \/>\n<meta property=\"og:image\" content=\"https:\/\/www.creads.com\/wp-content\/uploads\/2021\/02\/HomeCreads.jpg\" \/>\n\t<meta property=\"og:image:width\" content=\"2754\" \/>\n\t<meta property=\"og:image:height\" content=\"1516\" \/>\n\t<meta property=\"og:image:type\" content=\"image\/jpeg\" \/>\n<meta name=\"twitter:card\" content=\"summary_large_image\" \/>\n<meta name=\"twitter:title\" content=\"Creads : 1st Online Platform for Content Creation\" \/>\n<meta name=\"twitter:description\" content=\"Thanks to the Creads method, work with the best creative freelancers. Accompanying process, high-quality creative content on time and within budget.\" \/>\n<meta name=\"twitter:image\" content=\"https:\/\/www.creads.com\/wp-content\/uploads\/2021\/02\/HomeCreads.jpg\" \/>\n<meta name=\"twitter:site\" content=\"@creads\" \/>\n<script type=\"application\/ld+json\" class=\"yoast-schema-graph\">{\"@context\":\"https:\/\/schema.org\",\"@graph\":[{\"@type\":\"WebPage\",\"@id\":\"https:\/\/www.creads.com\/en\/\",\"url\":\"https:\/\/www.creads.com\/en\/\",\"name\":\"Creads : 1st Online Platform for Content Creation\",\"isPartOf\":{\"@id\":\"https:\/\/www.creads.com\/#website\"},\"datePublished\":\"2021-01-14T01:54:33+00:00\",\"dateModified\":\"2022-03-14T11:11:31+00:00\",\"description\":\"Thanks to the Creads method, work with the best creative freelancers. Accompanying process, high-quality creative content on time and within budget.\",\"breadcrumb\":{\"@id\":\"https:\/\/www.creads.com\/en\/#breadcrumb\"},\"inLanguage\":\"en-US\",\"potentialAction\":[{\"@type\":\"ReadAction\",\"target\":[\"https:\/\/www.creads.com\/en\/\"]}]},{\"@type\":\"BreadcrumbList\",\"@id\":\"https:\/\/www.creads.com\/en\/#breadcrumb\",\"itemListElement\":[{\"@type\":\"ListItem\",\"position\":1,\"name\":\"Creads\",\"item\":\"https:\/\/www.creads.com\/en\/\"},{\"@type\":\"ListItem\",\"position\":2,\"name\":\"Accueil\"}]},{\"@type\":\"WebSite\",\"@id\":\"https:\/\/www.creads.com\/#website\",\"url\":\"https:\/\/www.creads.com\/\",\"name\":\"CREADS\",\"description\":\"\",\"publisher\":{\"@id\":\"https:\/\/www.creads.com\/#organization\"},\"potentialAction\":[{\"@type\":\"SearchAction\",\"target\":{\"@type\":\"EntryPoint\",\"urlTemplate\":\"https:\/\/www.creads.com\/?s={search_term_string}\"},\"query-input\":{\"@type\":\"PropertyValueSpecification\",\"valueRequired\":true,\"valueName\":\"search_term_string\"}}],\"inLanguage\":\"en-US\"},{\"@type\":\"Organization\",\"@id\":\"https:\/\/www.creads.com\/#organization\",\"name\":\"Creads\",\"url\":\"https:\/\/www.creads.com\/\",\"logo\":{\"@type\":\"ImageObject\",\"inLanguage\":\"en-US\",\"@id\":\"https:\/\/www.creads.com\/#\/schema\/logo\/image\/\",\"url\":\"https:\/\/www.creads.com\/wp-content\/uploads\/2021\/06\/Logo-Creads-Baseline-Noir.png\",\"contentUrl\":\"https:\/\/www.creads.com\/wp-content\/uploads\/2021\/06\/Logo-Creads-Baseline-Noir.png\",\"width\":6487,\"height\":2611,\"caption\":\"Creads\"},\"image\":{\"@id\":\"https:\/\/www.creads.com\/#\/schema\/logo\/image\/\"},\"sameAs\":[\"https:\/\/fr-fr.facebook.com\/creads\/\",\"https:\/\/x.com\/creads\",\"https:\/\/www.instagram.com\/creads\/\",\"https:\/\/fr.linkedin.com\/company\/creads\",\"https:\/\/www.pinterest.fr\/agencecreads\/\"]}]}<\/script>\n<!-- \/ Yoast SEO plugin. -->","yoast_head_json":{"title":"Creads : 1st Online Platform for Content Creation","description":"Thanks to the Creads method, work with the best creative freelancers. Accompanying process, high-quality creative content on time and within budget.","robots":{"index":"index","follow":"follow","max-snippet":"max-snippet:-1","max-image-preview":"max-image-preview:large","max-video-preview":"max-video-preview:-1"},"canonical":"https:\/\/www.creads.com\/en\/","og_locale":"en_US","og_type":"article","og_title":"Creads : 1st Online Platform for Content Creation","og_description":"Thanks to the Creads method, work with the best creative freelancers. Accompanying process, high-quality creative content on time and within budget.","og_url":"https:\/\/www.creads.com\/en\/","og_site_name":"CREADS","article_publisher":"https:\/\/fr-fr.facebook.com\/creads\/","article_modified_time":"2022-03-14T11:11:31+00:00","og_image":[{"width":2754,"height":1516,"url":"https:\/\/www.creads.com\/wp-content\/uploads\/2021\/02\/HomeCreads.jpg","type":"image\/jpeg"}],"twitter_card":"summary_large_image","twitter_title":"Creads : 1st Online Platform for Content Creation","twitter_description":"Thanks to the Creads method, work with the best creative freelancers. Accompanying process, high-quality creative content on time and within budget.","twitter_image":"https:\/\/www.creads.com\/wp-content\/uploads\/2021\/02\/HomeCreads.jpg","twitter_site":"@creads","schema":{"@context":"https:\/\/schema.org","@graph":[{"@type":"WebPage","@id":"https:\/\/www.creads.com\/en\/","url":"https:\/\/www.creads.com\/en\/","name":"Creads : 1st Online Platform for Content Creation","isPartOf":{"@id":"https:\/\/www.creads.com\/#website"},"datePublished":"2021-01-14T01:54:33+00:00","dateModified":"2022-03-14T11:11:31+00:00","description":"Thanks to the Creads method, work with the best creative freelancers. Accompanying process, high-quality creative content on time and within budget.","breadcrumb":{"@id":"https:\/\/www.creads.com\/en\/#breadcrumb"},"inLanguage":"en-US","potentialAction":[{"@type":"ReadAction","target":["https:\/\/www.creads.com\/en\/"]}]},{"@type":"BreadcrumbList","@id":"https:\/\/www.creads.com\/en\/#breadcrumb","itemListElement":[{"@type":"ListItem","position":1,"name":"Creads","item":"https:\/\/www.creads.com\/en\/"},{"@type":"ListItem","position":2,"name":"Accueil"}]},{"@type":"WebSite","@id":"https:\/\/www.creads.com\/#website","url":"https:\/\/www.creads.com\/","name":"CREADS","description":"","publisher":{"@id":"https:\/\/www.creads.com\/#organization"},"potentialAction":[{"@type":"SearchAction","target":{"@type":"EntryPoint","urlTemplate":"https:\/\/www.creads.com\/?s={search_term_string}"},"query-input":{"@type":"PropertyValueSpecification","valueRequired":true,"valueName":"search_term_string"}}],"inLanguage":"en-US"},{"@type":"Organization","@id":"https:\/\/www.creads.com\/#organization","name":"Creads","url":"https:\/\/www.creads.com\/","logo":{"@type":"ImageObject","inLanguage":"en-US","@id":"https:\/\/www.creads.com\/#\/schema\/logo\/image\/","url":"https:\/\/www.creads.com\/wp-content\/uploads\/2021\/06\/Logo-Creads-Baseline-Noir.png","contentUrl":"https:\/\/www.creads.com\/wp-content\/uploads\/2021\/06\/Logo-Creads-Baseline-Noir.png","width":6487,"height":2611,"caption":"Creads"},"image":{"@id":"https:\/\/www.creads.com\/#\/schema\/logo\/image\/"},"sameAs":["https:\/\/fr-fr.facebook.com\/creads\/","https:\/\/x.com\/creads","https:\/\/www.instagram.com\/creads\/","https:\/\/fr.linkedin.com\/company\/creads","https:\/\/www.pinterest.fr\/agencecreads\/"]}]}},"meta_box":{"creads_header_theme":"dark"},"_links":{"self":[{"href":"https:\/\/www.creads.com\/en\/wp-json\/wp\/v2\/pages\/10673"}],"collection":[{"href":"https:\/\/www.creads.com\/en\/wp-json\/wp\/v2\/pages"}],"about":[{"href":"https:\/\/www.creads.com\/en\/wp-json\/wp\/v2\/types\/page"}],"author":[{"embeddable":true,"href":"https:\/\/www.creads.com\/en\/wp-json\/wp\/v2\/users\/1"}],"replies":[{"embeddable":true,"href":"https:\/\/www.creads.com\/en\/wp-json\/wp\/v2\/comments?post=10673"}],"version-history":[{"count":24,"href":"https:\/\/www.creads.com\/en\/wp-json\/wp\/v2\/pages\/10673\/revisions"}],"predecessor-version":[{"id":68250,"href":"https:\/\/www.creads.com\/en\/wp-json\/wp\/v2\/pages\/10673\/revisions\/68250"}],"wp:attachment":[{"href":"https:\/\/www.creads.com\/en\/wp-json\/wp\/v2\/media?parent=10673"}],"curies":[{"name":"wp","href":"https:\/\/api.w.org\/{rel}","templated":true}]}}