{"id":39228,"date":"2021-07-06T10:50:19","date_gmt":"2021-07-06T08:50:19","guid":{"rendered":"https:\/\/www.creads.com\/?page_id=39228"},"modified":"2021-07-22T15:51:46","modified_gmt":"2021-07-22T13:51:46","slug":"aviso-legal","status":"publish","type":"page","link":"https:\/\/www.creads.com\/es\/aviso-legal\/","title":{"rendered":"Aviso Legal"},"content":{"rendered":"<section class=\"creads-block creads-simple-title\" style=\"background-color:#ffffff;\">\n  <div class=\"container black\">\n    <h2 class=\"simple-title\">AVISO LEGAL<\/h2><p class=\"subtitle\">Raz\u00f3n social: Creads <br \/>\r\nForma jur\u00eddica: SAS (Sociedad francesa por acciones simplificada) <br \/>\r\nCapital social: 691 096 \u20ac<br \/>\r\nDomicilio social: 112, rue R\u00e9aumur 75002 Par\u00eds<br \/>\r\nTel.: +33 (0)1 55 34 78 70<br \/>\r\nE-mail: contact@creads.fr<br \/>\r\n<br \/>\r\nRegistro mercantil: N\u00famero 504 019 662 registro mercantil de Par\u00eds Identificaci\u00f3n IVA: FR09504019662 <br \/>\r\nDeclaraci\u00f3n CNIL: 1322327<br \/>\r\nDUNS: 260026783<br \/>\r\n<br \/>\r\n<b>Alojamiento<\/b><br \/>\r\nDigital Ocean Soci\u00e9t\u00e9<br \/>\r\n101 Avenue of the Americas New York 10013<br \/>\r\nEstados Unidos de Am\u00e9rica Tel.: +33 (0)8 203 203 63<br \/>\r\nE-mail : contact@digitalocean.com Web: https:\/\/www.digitalocean.com<br \/>\r\n<br \/>\r\n<b>Nuestras p\u00e1ginas web<\/b><br \/>\r\nCreads es una sociedad francesa por acciones simplificada que edita varias p\u00e1ginas web<br \/>\r\n: https:\/\/www.creads.fr es la plataforma de cocreaci\u00f3n de<br \/>\r\nla agencia. https:\/\/www.creads-partners.com es el escaparate de nuestra soluci\u00f3n de producci\u00f3n de contenido creativo bajo pedido.<br \/>\r\n<br \/>\r\n<b>Utilizaci\u00f3n de Google Analytics<\/b><br \/>\r\nEsta p\u00e1gina web utiliza Google Analytics, un servicio de an\u00e1lisis de p\u00e1ginas web ofrecido por Google Inc. (\u00abGoogle\u00bb). Google Anlaytics utiliza cookies, que son archivos de texto instalados en tu ordenador, para ayudar a la p\u00e1gina web a analizar la utilizaci\u00f3n de la p\u00e1gina web por sus usuarios.<\/p>  <\/div>\n<\/section>","protected":false},"excerpt":{"rendered":"","protected":false},"author":7,"featured_media":0,"parent":0,"menu_order":0,"comment_status":"closed","ping_status":"closed","template":"","meta":{"_et_pb_use_builder":"","_et_pb_old_content":"","footnotes":""},"class_list":["post-39228","page","type-page","status-publish","hentry"],"yoast_head":"<!-- This site is optimized with the Yoast SEO plugin v23.8 - https:\/\/yoast.com\/wordpress\/plugins\/seo\/ -->\n<title>AVISO LEGAL<\/title>\n<meta name=\"description\" content=\"Creads, 1a plataforma francesa de creaci\u00f3n de contenidos en l\u00ednea: contenidos gr\u00e1ficos, digitales, v\u00eddeo o editoriales.\" \/>\n<meta name=\"robots\" content=\"index, follow, max-snippet:-1, max-image-preview:large, max-video-preview:-1\" \/>\n<link rel=\"canonical\" href=\"https:\/\/www.creads.com\/es\/aviso-legal\/\" \/>\n<meta property=\"og:locale\" content=\"es_ES\" \/>\n<meta property=\"og:type\" content=\"article\" \/>\n<meta property=\"og:title\" content=\"AVISO LEGAL\" \/>\n<meta property=\"og:description\" content=\"Creads, 1a plataforma francesa de creaci\u00f3n de contenidos en l\u00ednea: contenidos gr\u00e1ficos, digitales, v\u00eddeo o editoriales.\" \/>\n<meta property=\"og:url\" content=\"https:\/\/www.creads.com\/es\/aviso-legal\/\" \/>\n<meta property=\"og:site_name\" content=\"CREADS\" \/>\n<meta property=\"article:publisher\" content=\"https:\/\/fr-fr.facebook.com\/creads\/\" \/>\n<meta property=\"article:modified_time\" content=\"2021-07-22T13:51:46+00:00\" \/>\n<meta name=\"twitter:card\" content=\"summary_large_image\" \/>\n<meta name=\"twitter:site\" content=\"@creads\" \/>\n<script type=\"application\/ld+json\" class=\"yoast-schema-graph\">{\"@context\":\"https:\/\/schema.org\",\"@graph\":[{\"@type\":\"WebPage\",\"@id\":\"https:\/\/www.creads.com\/es\/aviso-legal\/\",\"url\":\"https:\/\/www.creads.com\/es\/aviso-legal\/\",\"name\":\"AVISO LEGAL\",\"isPartOf\":{\"@id\":\"https:\/\/www.creads.com\/#website\"},\"datePublished\":\"2021-07-06T08:50:19+00:00\",\"dateModified\":\"2021-07-22T13:51:46+00:00\",\"description\":\"Creads, 1a plataforma francesa de creaci\u00f3n de contenidos en l\u00ednea: contenidos gr\u00e1ficos, digitales, v\u00eddeo o editoriales.\",\"breadcrumb\":{\"@id\":\"https:\/\/www.creads.com\/es\/aviso-legal\/#breadcrumb\"},\"inLanguage\":\"es\",\"potentialAction\":[{\"@type\":\"ReadAction\",\"target\":[\"https:\/\/www.creads.com\/es\/aviso-legal\/\"]}]},{\"@type\":\"BreadcrumbList\",\"@id\":\"https:\/\/www.creads.com\/es\/aviso-legal\/#breadcrumb\",\"itemListElement\":[{\"@type\":\"ListItem\",\"position\":1,\"name\":\"Creads\",\"item\":\"https:\/\/www.creads.com\/es\/\"},{\"@type\":\"ListItem\",\"position\":2,\"name\":\"Aviso Legal\"}]},{\"@type\":\"WebSite\",\"@id\":\"https:\/\/www.creads.com\/#website\",\"url\":\"https:\/\/www.creads.com\/\",\"name\":\"CREADS\",\"description\":\"\",\"publisher\":{\"@id\":\"https:\/\/www.creads.com\/#organization\"},\"potentialAction\":[{\"@type\":\"SearchAction\",\"target\":{\"@type\":\"EntryPoint\",\"urlTemplate\":\"https:\/\/www.creads.com\/?s={search_term_string}\"},\"query-input\":{\"@type\":\"PropertyValueSpecification\",\"valueRequired\":true,\"valueName\":\"search_term_string\"}}],\"inLanguage\":\"es\"},{\"@type\":\"Organization\",\"@id\":\"https:\/\/www.creads.com\/#organization\",\"name\":\"Creads\",\"url\":\"https:\/\/www.creads.com\/\",\"logo\":{\"@type\":\"ImageObject\",\"inLanguage\":\"es\",\"@id\":\"https:\/\/www.creads.com\/#\/schema\/logo\/image\/\",\"url\":\"https:\/\/www.creads.com\/wp-content\/uploads\/2021\/06\/Logo-Creads-Baseline-Noir.png\",\"contentUrl\":\"https:\/\/www.creads.com\/wp-content\/uploads\/2021\/06\/Logo-Creads-Baseline-Noir.png\",\"width\":6487,\"height\":2611,\"caption\":\"Creads\"},\"image\":{\"@id\":\"https:\/\/www.creads.com\/#\/schema\/logo\/image\/\"},\"sameAs\":[\"https:\/\/fr-fr.facebook.com\/creads\/\",\"https:\/\/x.com\/creads\",\"https:\/\/www.instagram.com\/creads\/\",\"https:\/\/fr.linkedin.com\/company\/creads\",\"https:\/\/www.pinterest.fr\/agencecreads\/\"]}]}<\/script>\n<!-- \/ Yoast SEO plugin. -->","yoast_head_json":{"title":"AVISO LEGAL","description":"Creads, 1a plataforma francesa de creaci\u00f3n de contenidos en l\u00ednea: contenidos gr\u00e1ficos, digitales, v\u00eddeo o editoriales.","robots":{"index":"index","follow":"follow","max-snippet":"max-snippet:-1","max-image-preview":"max-image-preview:large","max-video-preview":"max-video-preview:-1"},"canonical":"https:\/\/www.creads.com\/es\/aviso-legal\/","og_locale":"es_ES","og_type":"article","og_title":"AVISO LEGAL","og_description":"Creads, 1a plataforma francesa de creaci\u00f3n de contenidos en l\u00ednea: contenidos gr\u00e1ficos, digitales, v\u00eddeo o editoriales.","og_url":"https:\/\/www.creads.com\/es\/aviso-legal\/","og_site_name":"CREADS","article_publisher":"https:\/\/fr-fr.facebook.com\/creads\/","article_modified_time":"2021-07-22T13:51:46+00:00","twitter_card":"summary_large_image","twitter_site":"@creads","schema":{"@context":"https:\/\/schema.org","@graph":[{"@type":"WebPage","@id":"https:\/\/www.creads.com\/es\/aviso-legal\/","url":"https:\/\/www.creads.com\/es\/aviso-legal\/","name":"AVISO LEGAL","isPartOf":{"@id":"https:\/\/www.creads.com\/#website"},"datePublished":"2021-07-06T08:50:19+00:00","dateModified":"2021-07-22T13:51:46+00:00","description":"Creads, 1a plataforma francesa de creaci\u00f3n de contenidos en l\u00ednea: contenidos gr\u00e1ficos, digitales, v\u00eddeo o editoriales.","breadcrumb":{"@id":"https:\/\/www.creads.com\/es\/aviso-legal\/#breadcrumb"},"inLanguage":"es","potentialAction":[{"@type":"ReadAction","target":["https:\/\/www.creads.com\/es\/aviso-legal\/"]}]},{"@type":"BreadcrumbList","@id":"https:\/\/www.creads.com\/es\/aviso-legal\/#breadcrumb","itemListElement":[{"@type":"ListItem","position":1,"name":"Creads","item":"https:\/\/www.creads.com\/es\/"},{"@type":"ListItem","position":2,"name":"Aviso Legal"}]},{"@type":"WebSite","@id":"https:\/\/www.creads.com\/#website","url":"https:\/\/www.creads.com\/","name":"CREADS","description":"","publisher":{"@id":"https:\/\/www.creads.com\/#organization"},"potentialAction":[{"@type":"SearchAction","target":{"@type":"EntryPoint","urlTemplate":"https:\/\/www.creads.com\/?s={search_term_string}"},"query-input":{"@type":"PropertyValueSpecification","valueRequired":true,"valueName":"search_term_string"}}],"inLanguage":"es"},{"@type":"Organization","@id":"https:\/\/www.creads.com\/#organization","name":"Creads","url":"https:\/\/www.creads.com\/","logo":{"@type":"ImageObject","inLanguage":"es","@id":"https:\/\/www.creads.com\/#\/schema\/logo\/image\/","url":"https:\/\/www.creads.com\/wp-content\/uploads\/2021\/06\/Logo-Creads-Baseline-Noir.png","contentUrl":"https:\/\/www.creads.com\/wp-content\/uploads\/2021\/06\/Logo-Creads-Baseline-Noir.png","width":6487,"height":2611,"caption":"Creads"},"image":{"@id":"https:\/\/www.creads.com\/#\/schema\/logo\/image\/"},"sameAs":["https:\/\/fr-fr.facebook.com\/creads\/","https:\/\/x.com\/creads","https:\/\/www.instagram.com\/creads\/","https:\/\/fr.linkedin.com\/company\/creads","https:\/\/www.pinterest.fr\/agencecreads\/"]}]}},"meta_box":{"creads_header_theme":"light"},"_links":{"self":[{"href":"https:\/\/www.creads.com\/es\/wp-json\/wp\/v2\/pages\/39228"}],"collection":[{"href":"https:\/\/www.creads.com\/es\/wp-json\/wp\/v2\/pages"}],"about":[{"href":"https:\/\/www.creads.com\/es\/wp-json\/wp\/v2\/types\/page"}],"author":[{"embeddable":true,"href":"https:\/\/www.creads.com\/es\/wp-json\/wp\/v2\/users\/7"}],"replies":[{"embeddable":true,"href":"https:\/\/www.creads.com\/es\/wp-json\/wp\/v2\/comments?post=39228"}],"version-history":[{"count":4,"href":"https:\/\/www.creads.com\/es\/wp-json\/wp\/v2\/pages\/39228\/revisions"}],"predecessor-version":[{"id":55926,"href":"https:\/\/www.creads.com\/es\/wp-json\/wp\/v2\/pages\/39228\/revisions\/55926"}],"wp:attachment":[{"href":"https:\/\/www.creads.com\/es\/wp-json\/wp\/v2\/media?parent=39228"}],"curies":[{"name":"wp","href":"https:\/\/api.w.org\/{rel}","templated":true}]}}