{"id":40167,"date":"2021-01-14T03:05:36","date_gmt":"2021-01-14T02:05:36","guid":{"rendered":"https:\/\/www.creads.com\/creads\/"},"modified":"2021-07-13T14:57:27","modified_gmt":"2021-07-13T12:57:27","slug":"creads","status":"publish","type":"page","link":"https:\/\/www.creads.com\/es\/creads\/","title":{"rendered":"Creads"},"content":{"rendered":"<section class=\"creads-block creads-comparison\">\n  <div class=\"container\">\n    <h1>La plataforma Creads <span class=\"color-blue\">Ahorro de tiempo = Ahorro de dinero<\/span><\/h1>\n    <p class=\"subtitle\"><b>Ahorra m\u00e1s de 2 000 \u20ac incluso antes de comenzar<\/b><\/p>    <div class=\"table-container\">\n      <div class=\"table-row head\">\n        <div class=\"column-0\"><\/div>\n        <div class=\"column-1\"><h3>3 d\u00edas\/persona<\/h3><p class=\"text\">Con una agencia tradicional o un estudio<\/p><\/div><div class=\"column-2\"><h3>3 horas\/equipo<\/h3><p class=\"text\">Con Creads<br \/>\r\n todo es f\u00e1cil<\/p><\/div>      <\/div>\n      <div class=\"table-row body\"><div class=\"column-0\"><p class=\"title\">Explicar mi necesidad<\/p><\/div><div class=\"column-1\"><div class=\"title-mobile\"><p class=\"title\">Explicar mi necesidad<\/p><\/div><p class=\"text\">&#8211; Por tel\u00e9fono, por e-mail, por correo.<br \/>\r\n&#8211; Varias horas<br \/>\r\n<\/p><p class=\"highlight\">3 HORAS<\/p><\/div><div class=\"column-2\"><div class=\"title-mobile\"><p class=\"title\">Explicar mi necesidad<\/p><\/div><p class=\"text\">&#8211; Briefing online<br \/>\r\n&#8211; En directo automatizado<\/p><p class=\"highlight\">30 MINUTOS<\/p><\/div><\/div><div class=\"table-row body\"><div class=\"column-0\"><p class=\"title\">Obt\u00e9n m\u00e1s estilos <br \/>\r\nde creaciones<\/p><\/div><div class=\"column-1\"><div class=\"title-mobile\"><p class=\"title\">Obt\u00e9n m\u00e1s estilos <br \/>\r\nde creaciones<\/p><\/div><p class=\"text\">&#8211; Varias horas para contactar con varias agencias y recibirlas<\/p><p class=\"highlight\">6 HORAS<\/p><\/div><div class=\"column-2\"><div class=\"title-mobile\"><p class=\"title\">Obt\u00e9n m\u00e1s estilos <br \/>\r\nde creaciones<\/p><\/div><p class=\"text\">&#8211; Elecci\u00f3n del n\u00famero de creativos online<br \/>\r\n&#8211; En directo automatizado<\/p><p class=\"highlight\">15 minutos<\/p><\/div><\/div><div class=\"table-row body\"><div class=\"column-0\"><p class=\"title\">Recibir diferentes <br \/>\r\nofertas<\/p><\/div><div class=\"column-1\"><div class=\"title-mobile\"><p class=\"title\">Recibir diferentes <br \/>\r\nofertas<\/p><\/div><p class=\"text\">&#8211; Varias horas para contactar con varias agencias <\/p><p class=\"highlight\">3 HORAS<\/p><\/div><div class=\"column-2\"><div class=\"title-mobile\"><p class=\"title\">Recibir diferentes <br \/>\r\nofertas<\/p><\/div><p class=\"text\">&#8211; En directo automatizado<\/p><p class=\"highlight\">15 minutos<\/p><\/div><\/div><div class=\"table-row body\"><div class=\"column-0\"><p class=\"title\">Hablar con el creativo<br \/>\r\n<br \/>\r\n<\/p><p class=\"subtitle\">y realizar tus solicitudes de correcciones directamente<\/p><\/div><div class=\"column-1\"><div class=\"title-mobile\"><p class=\"title\">Hablar con el creativo<br \/>\r\n<br \/>\r\n<\/p><p class=\"subtitle\">y realizar tus solicitudes de correcciones directamente<\/p><\/div><p class=\"text\">&#8211; A trav\u00e9s de los medios de comunicaci\u00f3n tradicionales<\/p><p class=\"highlight\">2 dias<\/p><\/div><div class=\"column-2\"><div class=\"title-mobile\"><p class=\"title\">Hablar con el creativo<br \/>\r\n<br \/>\r\n<\/p><p class=\"subtitle\">y realizar tus solicitudes de correcciones directamente<\/p><\/div><p class=\"text\">&#8211; Online, en directo<\/p><p class=\"highlight\">2 horas<\/p><\/div><\/div><div class=\"table-row body\"><div class=\"column-0\"><p class=\"title\">Almacenamiento de archivos<\/p><\/div><div class=\"column-1\"><div class=\"title-mobile\"><p class=\"title\">Almacenamiento de archivos<\/p><\/div><p class=\"text\">Responsabilidad del cliente<\/p><\/div><div class=\"column-2\"><div class=\"title-mobile\"><p class=\"title\">Almacenamiento de archivos<\/p><\/div><p class=\"text\"> &#8211; Sistem\u00e1ticamente en nuestra interfaz automatizada<\/p><\/div><\/div>    <\/div>\n  <\/div>\n<\/section>\n\n<section class=\"creads-block creads-text-2-columns\" style=\"background-color:#ffffff;\">\n  <div class=\"main-text-container\">\n    <h2>\u00a1La excitaci\u00f3n de la p\u00e1gina en blanco!<\/h2><p class=\"subtitle\">EN 2008, JULIEN MECHIN DECIDE COCREAR LA <br \/>\r\nPRIMERA PLATAFORMA DE CREACI\u00d3N CON <br \/>\r\nMUCHA PASI\u00d3N, AUDACIA Y&#8230; BUENO, \u00a1ESO ES <br \/>\r\nCASI TODO!<\/p><div class=\"text\"><p>De hecho, ni \u00e9l ni su socio de entonces hab\u00edan trabajado nunca en una agencia. Sin embargo, lejos de representar un obst\u00e1culo, su falta de experiencia fue su m\u00e1ximo punto fuerte: libres de cualquier idea preconcebida, decidieron comenzar desde una p\u00e1gina en blanco y reinventarlo todo. No sab\u00edan que era imposible, as\u00ed que lo hicieron*: Creads is born!<\/p>\n<\/div><p class=\"subtext\">(*Vale, la frase no es nuestra, sino de Mark Twain\u2026)<\/p>  <\/div>\n  <div class=\"columns-container\">\n    <div class=\"column column-1\"><h3>Nacimiento <br \/>\r\nde un concepto<\/h3><div class=\"text\"><p>\u00bfSu idea? Proponer la mejor creaci\u00f3n, reagrupando a los clientes y a los talentos creativos cuidadosamente seleccionados en una plataforma tecnol\u00f3gica que permite ganar en productividad. Se acab\u00f3 perder el tiempo: con Creads, el tiempo dedicado a un proyecto se dedica exclusivamente a la creaci\u00f3n.<\/p>\n<p>La combinaci\u00f3n de talentos y de tecnolog\u00eda da r\u00e1pidamente sus frutos: Creads se convierte en la 1\u00aa plataforma de creaci\u00f3n de contenidos creativos en Francia dedicada al dise\u00f1o gr\u00e1fico, al v\u00eddeo y a la redacci\u00f3n.<\/p>\n<\/div><\/div><div class=\"column column-2\"><h3>Cada d\u00eda<br \/>\r\nes el primer d\u00eda<\/h3><div class=\"text\"><p>\u00bfDormirse en los laureles? \u00a1Nosotros, pocas veces! A lo largo de 13 a\u00f1os de \u00e9xito, Creads ha sabido desarrollar su experiencia y su saber hacer, cuestion\u00e1ndose constantemente para permanecer siempre en lo m\u00e1s alto de la innovaci\u00f3n.<\/p>\n<p>Nada est\u00e1 ganado de antemano: siempre lo podemos hacer mejor<\/p>\n<p>\u00bfNuestro credo?<\/p>\n<p>SO EASY, SO SIMPLE, SO CREATIVE<\/p>\n<\/div><\/div>    <img decoding=\"async\" class=\"mask\" src=\"https:\/\/www.creads.com\/wp-content\/themes\/creads\/dist\/images\/columns-mask_4968cf36.svg\" \/>\n  <\/div>\n<\/section>\n\n<section class=\"creads-block creads-quotes-1\">\n  <div class=\"shape shape-1\"><\/div><div class=\"shape shape-2\"><\/div><div class=\"shape shape-3\"><\/div>  <div class=\"quote-container\">\n    <div class=\"text-container\">\n      <div class=\"text\">\n        <p>\u00abDesde hace 13 a\u00f1os, Creads altera con \u00e9xito un modelo publicitario arcaico.<\/p>\n<p>Reconfortados gracias a un crecimiento de dos cifras todos los a\u00f1os e impulsados por nuestra sed de innovaci\u00f3n, hemos imaginado, creado y desarrollado para nuestros clientes una nueva metodolog\u00eda, as\u00ed como una nueva plataforma revolucionaria denominada <strong>Creads Partners<\/strong>.<\/p>\n<p><strong>Creads Partners <\/strong>permite a nuestros clientes trabajar de forma colaborativa, seguir sus proyectos de principio a fin y acceder a nuestros mejores creativos, benefici\u00e1ndose de una calidad y una rapidez de ejecuci\u00f3n sin igual, asociadas a un completo control de los costes y de los plazos.<\/p>\n<p>En Creads, nuestra receta es f\u00e1cil: a trav\u00e9s de la automatizaci\u00f3n de los procesos que requieren tiempo, podemos ser tan eficientes y competitivos.\u201d<\/p>\n      <\/div>\n      <div class=\"author\">C\u00e9dric &#8211; Presidente<\/div>\n    <\/div>\n    <img decoding=\"async\" class=\"image-desktop\" src=\"https:\/\/www.creads.com\/wp-content\/uploads\/2021\/01\/creads-quote-cedric-desktop.jpg\" alt=\"C\u00e9dric Gourbault\" \/>\n    <div class=\"author-mobile\">\n      <img decoding=\"async\" src=\"https:\/\/www.creads.com\/wp-content\/uploads\/2021\/01\/creads-quote-cedric-mobile.jpg\" alt=\"C\u00e9dric Gourbault\" \/>\n      <div class=\"author-infos\">\n        <p class=\"name\">C\u00e9dric<\/p>\n        <p class=\"job\">Presidente<\/p>\n      <\/div>\n    <\/div>\n  <\/div>\n<\/section>\n\n<section class=\"creads-block creads-icons-carousel\" style=\"background-color:#ffffff;\">\n  <div class=\"container\">\n    <h2>NUESTROS VALORES<\/h2>\n    <div class=\"icons-container\">\n      <div class=\"icon-container\"><img decoding=\"async\" src=\"https:\/\/www.creads.com\/wp-content\/uploads\/2021\/01\/icon-like-bulb.svg\" alt=\"icone ampoule id\u00e9e\" \/><h3>Originalidad <br \/>\r\n&#038; Creatividad<\/h3><p>Porque cada cliente es \u00fanico, debe poder beneficiarse de creaciones que vayan con \u00e9l. En Creads, pensamos que nunca habr\u00e1 suficiente espacio para la creatividad<\/p><\/div><div class=\"icon-container\"><img decoding=\"async\" src=\"https:\/\/www.creads.com\/wp-content\/uploads\/2021\/01\/icon-expert-user.svg\" alt=\"icone expert\" \/><h3>Experiencia <br \/>\r\n&#038; Calidad<\/h3><p>Nuestros 13 a\u00f1os de \u00e9xito nos permiten justificar un verdadero saber hacer en la comprensi\u00f3n de tus necesidades, la calidad de la relaci\u00f3n con el cliente y la creaci\u00f3n.<\/p><\/div><div class=\"icon-container\"><img decoding=\"async\" src=\"https:\/\/www.creads.com\/wp-content\/uploads\/2021\/01\/icon-tick-gear.svg\" alt=\"icone engrenage\" \/><h3>Productividad<\/h3><p>Nuestras herramientas y nuestra plataforma facilitan los intercambios, valoraciones y correcciones para ganar tiempo de ejecuci\u00f3n sin nunca comprometer la calidad.<\/p><\/div><div class=\"icon-container\"><img decoding=\"async\" src=\"https:\/\/www.creads.com\/wp-content\/uploads\/2021\/01\/icon-diamond.svg\" alt=\"icone diamant\" \/><h3>Respeto<\/h3><p>Respeto de cada cliente. Respeto de los talentos creativos. Respeto de nuestros equipos. Respeto del presupuesto, de los plazos y del resultado final.<\/p><\/div>    <\/div>\n  <\/div>\n  <div class=\"big-carousel owl-carousel\">\n    <img decoding=\"async\" class=\"slide\" srcset=\"https:\/\/www.creads.com\/wp-content\/uploads\/2021\/02\/creads-3-1024x614.jpg 750w, https:\/\/www.creads.com\/wp-content\/uploads\/2021\/02\/creads-3.jpg 2000w\" sizes=\"(max-width: 1000px) 1px, 100vw\" src=\"https:\/\/www.creads.com\/wp-content\/uploads\/2021\/02\/creads-3.jpg\" alt=\"creads\" data-skip-lazy \/><img decoding=\"async\" class=\"slide\" srcset=\"https:\/\/www.creads.com\/wp-content\/uploads\/2021\/02\/creads-6-1024x614.jpg 750w, https:\/\/www.creads.com\/wp-content\/uploads\/2021\/02\/creads-6.jpg 2000w\" sizes=\"(max-width: 1000px) 1px, 100vw\" src=\"https:\/\/www.creads.com\/wp-content\/uploads\/2021\/02\/creads-6.jpg\" alt=\"creads\" data-skip-lazy \/><img decoding=\"async\" class=\"slide\" srcset=\"https:\/\/www.creads.com\/wp-content\/uploads\/2021\/02\/creads-5-1024x614.jpg 750w, https:\/\/www.creads.com\/wp-content\/uploads\/2021\/02\/creads-5.jpg 2000w\" sizes=\"(max-width: 1000px) 1px, 100vw\" src=\"https:\/\/www.creads.com\/wp-content\/uploads\/2021\/02\/creads-5.jpg\" alt=\"creads\" data-skip-lazy \/><img decoding=\"async\" class=\"slide\" srcset=\"https:\/\/www.creads.com\/wp-content\/uploads\/2021\/02\/creads-1-1024x614.jpg 750w, https:\/\/www.creads.com\/wp-content\/uploads\/2021\/02\/creads-1.jpg 2000w\" sizes=\"(max-width: 1000px) 1px, 100vw\" src=\"https:\/\/www.creads.com\/wp-content\/uploads\/2021\/02\/creads-1.jpg\" alt=\"creads\" data-skip-lazy \/><img decoding=\"async\" class=\"slide\" srcset=\"https:\/\/www.creads.com\/wp-content\/uploads\/2021\/02\/creads-2-1024x614.jpg 750w, https:\/\/www.creads.com\/wp-content\/uploads\/2021\/02\/creads-2.jpg 2000w\" sizes=\"(max-width: 1000px) 1px, 100vw\" src=\"https:\/\/www.creads.com\/wp-content\/uploads\/2021\/02\/creads-2.jpg\" alt=\"creads\" data-skip-lazy \/><img decoding=\"async\" class=\"slide\" srcset=\"https:\/\/www.creads.com\/wp-content\/uploads\/2021\/02\/creads-4-1024x614.jpg 750w, https:\/\/www.creads.com\/wp-content\/uploads\/2021\/02\/creads-4.jpg 2000w\" sizes=\"(max-width: 1000px) 1px, 100vw\" src=\"https:\/\/www.creads.com\/wp-content\/uploads\/2021\/02\/creads-4.jpg\" alt=\"creads\" data-skip-lazy \/><img decoding=\"async\" class=\"slide\" srcset=\"https:\/\/www.creads.com\/wp-content\/uploads\/2021\/02\/creads-7-1024x614.jpg 750w, https:\/\/www.creads.com\/wp-content\/uploads\/2021\/02\/creads-7.jpg 2000w\" sizes=\"(max-width: 1000px) 1px, 100vw\" src=\"https:\/\/www.creads.com\/wp-content\/uploads\/2021\/02\/creads-7.jpg\" alt=\"creads\" data-skip-lazy \/>  <\/div>\n  <div class=\"container\">\n    <div class=\"numbers-container creads-countup-container\"><div class=\"number-container\"><p class=\"number\">+ <span class=\"creads-countup\">200<\/span><\/p><p class=\"subtitle\">partidas de dardos jugadas<\/p><\/div><div class=\"number-container\"><p class=\"number\">+ <span class=\"creads-countup\">800<\/span><\/p><p class=\"subtitle\">litros de caf\u00e9 preparados<\/p><\/div><div class=\"number-container\"><p class=\"number\">+ <span class=\"creads-countup\">60<\/span><\/p><p class=\"subtitle\">bombillas por cambiar<\/p><\/div><div class=\"number-container\"><p class=\"number\">+ <span class=\"creads-countup\">42<\/span><\/p><p class=\"subtitle\">grados en las oficinas (en verano)<\/p><\/div><\/div>  <\/div>\n<\/section>\n\n\n<section class=\"creads-block creads-wysiwyg\" style=\"background-color:#f4f4f4;\" id=\"contact\">\n  <div class=\"container\">\n    <h2><span lang=\"ES\">CONT\u00c1CTANOS<\/span><\/h2>\n<p><!--[if lte IE 8]>\n<script charset=\"utf-8\" type=\"text\/javascript\" src=\"\/\/js.hsforms.net\/forms\/v2-legacy.js\"><\/script>\n<![endif]--><br \/>\n<script charset=\"utf-8\" type=\"text\/javascript\" src=\"\/\/js.hsforms.net\/forms\/v2.js\"><\/script><br \/>\n<script>\n  hbspt.forms.create({\n\tregion: \"na1\",\n\tportalId: \"2887728\",\n\tformId: \"b9ece18b-cdae-4e60-b5a1-ab5942974bbe\"\n});\n<\/script><\/p>\n  <\/div>\n<\/section>","protected":false},"excerpt":{"rendered":"","protected":false},"author":1,"featured_media":0,"parent":0,"menu_order":0,"comment_status":"closed","ping_status":"closed","template":"","meta":{"_et_pb_use_builder":"","_et_pb_old_content":"","footnotes":""},"class_list":["post-40167","page","type-page","status-publish","hentry"],"yoast_head":"<!-- This site is optimized with the Yoast SEO plugin v23.8 - https:\/\/yoast.com\/wordpress\/plugins\/seo\/ -->\n<title>Creads : Primera plataforma francesa de creaci\u00f3n de contenidos en l\u00ednea<\/title>\n<meta name=\"description\" content=\"CREADS le pone en contacto con los mejores talentos creativos para producir su contenido y le apoya a lo largo de su proyecto.\" \/>\n<meta name=\"robots\" content=\"index, follow, max-snippet:-1, max-image-preview:large, max-video-preview:-1\" \/>\n<link rel=\"canonical\" href=\"https:\/\/www.creads.com\/es\/creads\/\" \/>\n<meta property=\"og:locale\" content=\"es_ES\" \/>\n<meta property=\"og:type\" content=\"article\" \/>\n<meta property=\"og:title\" content=\"Creads : Primera plataforma francesa de creaci\u00f3n de contenidos en l\u00ednea\" \/>\n<meta property=\"og:description\" content=\"CREADS le pone en contacto con los mejores talentos creativos para producir su contenido y le apoya a lo largo de su proyecto.\" \/>\n<meta property=\"og:url\" content=\"https:\/\/www.creads.com\/es\/creads\/\" \/>\n<meta property=\"og:site_name\" content=\"CREADS\" \/>\n<meta property=\"article:publisher\" content=\"https:\/\/fr-fr.facebook.com\/creads\/\" \/>\n<meta property=\"article:modified_time\" content=\"2021-07-13T12:57:27+00:00\" \/>\n<meta property=\"og:image\" content=\"https:\/\/www.creads.com\/wp-content\/uploads\/2021\/02\/page-creads.png\" \/>\n\t<meta property=\"og:image:width\" content=\"2754\" \/>\n\t<meta property=\"og:image:height\" content=\"1524\" \/>\n\t<meta property=\"og:image:type\" content=\"image\/png\" \/>\n<meta name=\"twitter:card\" content=\"summary_large_image\" \/>\n<meta name=\"twitter:title\" content=\"Creads : Primera plataforma francesa de creaci\u00f3n de contenidos en l\u00ednea\" \/>\n<meta name=\"twitter:description\" content=\"CREADS le pone en contacto con los mejores talentos creativos para producir su contenido y le apoya a lo largo de su proyecto.\" \/>\n<meta name=\"twitter:image\" content=\"https:\/\/www.creads.com\/wp-content\/uploads\/2021\/02\/page-creads.png\" \/>\n<meta name=\"twitter:site\" content=\"@creads\" \/>\n<script type=\"application\/ld+json\" class=\"yoast-schema-graph\">{\"@context\":\"https:\/\/schema.org\",\"@graph\":[{\"@type\":\"WebPage\",\"@id\":\"https:\/\/www.creads.com\/es\/creads\/\",\"url\":\"https:\/\/www.creads.com\/es\/creads\/\",\"name\":\"Creads : Primera plataforma francesa de creaci\u00f3n de contenidos en l\u00ednea\",\"isPartOf\":{\"@id\":\"https:\/\/www.creads.com\/#website\"},\"datePublished\":\"2021-01-14T02:05:36+00:00\",\"dateModified\":\"2021-07-13T12:57:27+00:00\",\"description\":\"CREADS le pone en contacto con los mejores talentos creativos para producir su contenido y le apoya a lo largo de su proyecto.\",\"breadcrumb\":{\"@id\":\"https:\/\/www.creads.com\/es\/creads\/#breadcrumb\"},\"inLanguage\":\"es\",\"potentialAction\":[{\"@type\":\"ReadAction\",\"target\":[\"https:\/\/www.creads.com\/es\/creads\/\"]}]},{\"@type\":\"BreadcrumbList\",\"@id\":\"https:\/\/www.creads.com\/es\/creads\/#breadcrumb\",\"itemListElement\":[{\"@type\":\"ListItem\",\"position\":1,\"name\":\"Creads\",\"item\":\"https:\/\/www.creads.com\/es\/\"},{\"@type\":\"ListItem\",\"position\":2,\"name\":\"Creads\"}]},{\"@type\":\"WebSite\",\"@id\":\"https:\/\/www.creads.com\/#website\",\"url\":\"https:\/\/www.creads.com\/\",\"name\":\"CREADS\",\"description\":\"\",\"publisher\":{\"@id\":\"https:\/\/www.creads.com\/#organization\"},\"potentialAction\":[{\"@type\":\"SearchAction\",\"target\":{\"@type\":\"EntryPoint\",\"urlTemplate\":\"https:\/\/www.creads.com\/?s={search_term_string}\"},\"query-input\":{\"@type\":\"PropertyValueSpecification\",\"valueRequired\":true,\"valueName\":\"search_term_string\"}}],\"inLanguage\":\"es\"},{\"@type\":\"Organization\",\"@id\":\"https:\/\/www.creads.com\/#organization\",\"name\":\"Creads\",\"url\":\"https:\/\/www.creads.com\/\",\"logo\":{\"@type\":\"ImageObject\",\"inLanguage\":\"es\",\"@id\":\"https:\/\/www.creads.com\/#\/schema\/logo\/image\/\",\"url\":\"https:\/\/www.creads.com\/wp-content\/uploads\/2021\/06\/Logo-Creads-Baseline-Noir.png\",\"contentUrl\":\"https:\/\/www.creads.com\/wp-content\/uploads\/2021\/06\/Logo-Creads-Baseline-Noir.png\",\"width\":6487,\"height\":2611,\"caption\":\"Creads\"},\"image\":{\"@id\":\"https:\/\/www.creads.com\/#\/schema\/logo\/image\/\"},\"sameAs\":[\"https:\/\/fr-fr.facebook.com\/creads\/\",\"https:\/\/x.com\/creads\",\"https:\/\/www.instagram.com\/creads\/\",\"https:\/\/fr.linkedin.com\/company\/creads\",\"https:\/\/www.pinterest.fr\/agencecreads\/\"]}]}<\/script>\n<!-- \/ Yoast SEO plugin. -->","yoast_head_json":{"title":"Creads : Primera plataforma francesa de creaci\u00f3n de contenidos en l\u00ednea","description":"CREADS le pone en contacto con los mejores talentos creativos para producir su contenido y le apoya a lo largo de su proyecto.","robots":{"index":"index","follow":"follow","max-snippet":"max-snippet:-1","max-image-preview":"max-image-preview:large","max-video-preview":"max-video-preview:-1"},"canonical":"https:\/\/www.creads.com\/es\/creads\/","og_locale":"es_ES","og_type":"article","og_title":"Creads : Primera plataforma francesa de creaci\u00f3n de contenidos en l\u00ednea","og_description":"CREADS le pone en contacto con los mejores talentos creativos para producir su contenido y le apoya a lo largo de su proyecto.","og_url":"https:\/\/www.creads.com\/es\/creads\/","og_site_name":"CREADS","article_publisher":"https:\/\/fr-fr.facebook.com\/creads\/","article_modified_time":"2021-07-13T12:57:27+00:00","og_image":[{"width":2754,"height":1524,"url":"https:\/\/www.creads.com\/wp-content\/uploads\/2021\/02\/page-creads.png","type":"image\/png"}],"twitter_card":"summary_large_image","twitter_title":"Creads : Primera plataforma francesa de creaci\u00f3n de contenidos en l\u00ednea","twitter_description":"CREADS le pone en contacto con los mejores talentos creativos para producir su contenido y le apoya a lo largo de su proyecto.","twitter_image":"https:\/\/www.creads.com\/wp-content\/uploads\/2021\/02\/page-creads.png","twitter_site":"@creads","schema":{"@context":"https:\/\/schema.org","@graph":[{"@type":"WebPage","@id":"https:\/\/www.creads.com\/es\/creads\/","url":"https:\/\/www.creads.com\/es\/creads\/","name":"Creads : Primera plataforma francesa de creaci\u00f3n de contenidos en l\u00ednea","isPartOf":{"@id":"https:\/\/www.creads.com\/#website"},"datePublished":"2021-01-14T02:05:36+00:00","dateModified":"2021-07-13T12:57:27+00:00","description":"CREADS le pone en contacto con los mejores talentos creativos para producir su contenido y le apoya a lo largo de su proyecto.","breadcrumb":{"@id":"https:\/\/www.creads.com\/es\/creads\/#breadcrumb"},"inLanguage":"es","potentialAction":[{"@type":"ReadAction","target":["https:\/\/www.creads.com\/es\/creads\/"]}]},{"@type":"BreadcrumbList","@id":"https:\/\/www.creads.com\/es\/creads\/#breadcrumb","itemListElement":[{"@type":"ListItem","position":1,"name":"Creads","item":"https:\/\/www.creads.com\/es\/"},{"@type":"ListItem","position":2,"name":"Creads"}]},{"@type":"WebSite","@id":"https:\/\/www.creads.com\/#website","url":"https:\/\/www.creads.com\/","name":"CREADS","description":"","publisher":{"@id":"https:\/\/www.creads.com\/#organization"},"potentialAction":[{"@type":"SearchAction","target":{"@type":"EntryPoint","urlTemplate":"https:\/\/www.creads.com\/?s={search_term_string}"},"query-input":{"@type":"PropertyValueSpecification","valueRequired":true,"valueName":"search_term_string"}}],"inLanguage":"es"},{"@type":"Organization","@id":"https:\/\/www.creads.com\/#organization","name":"Creads","url":"https:\/\/www.creads.com\/","logo":{"@type":"ImageObject","inLanguage":"es","@id":"https:\/\/www.creads.com\/#\/schema\/logo\/image\/","url":"https:\/\/www.creads.com\/wp-content\/uploads\/2021\/06\/Logo-Creads-Baseline-Noir.png","contentUrl":"https:\/\/www.creads.com\/wp-content\/uploads\/2021\/06\/Logo-Creads-Baseline-Noir.png","width":6487,"height":2611,"caption":"Creads"},"image":{"@id":"https:\/\/www.creads.com\/#\/schema\/logo\/image\/"},"sameAs":["https:\/\/fr-fr.facebook.com\/creads\/","https:\/\/x.com\/creads","https:\/\/www.instagram.com\/creads\/","https:\/\/fr.linkedin.com\/company\/creads","https:\/\/www.pinterest.fr\/agencecreads\/"]}]}},"meta_box":{"creads_header_theme":"dark"},"_links":{"self":[{"href":"https:\/\/www.creads.com\/es\/wp-json\/wp\/v2\/pages\/40167"}],"collection":[{"href":"https:\/\/www.creads.com\/es\/wp-json\/wp\/v2\/pages"}],"about":[{"href":"https:\/\/www.creads.com\/es\/wp-json\/wp\/v2\/types\/page"}],"author":[{"embeddable":true,"href":"https:\/\/www.creads.com\/es\/wp-json\/wp\/v2\/users\/1"}],"replies":[{"embeddable":true,"href":"https:\/\/www.creads.com\/es\/wp-json\/wp\/v2\/comments?post=40167"}],"version-history":[{"count":4,"href":"https:\/\/www.creads.com\/es\/wp-json\/wp\/v2\/pages\/40167\/revisions"}],"predecessor-version":[{"id":54060,"href":"https:\/\/www.creads.com\/es\/wp-json\/wp\/v2\/pages\/40167\/revisions\/54060"}],"wp:attachment":[{"href":"https:\/\/www.creads.com\/es\/wp-json\/wp\/v2\/media?parent=40167"}],"curies":[{"name":"wp","href":"https:\/\/api.w.org\/{rel}","templated":true}]}}