{"id":49774,"date":"2021-01-14T03:07:38","date_gmt":"2021-01-14T02:07:38","guid":{"rendered":"https:\/\/www.creads.com\/mentions-legales\/"},"modified":"2022-03-10T14:17:48","modified_gmt":"2022-03-10T13:17:48","slug":"mencoes-legais","status":"publish","type":"page","link":"https:\/\/www.creads.com\/pt-pt\/mencoes-legais\/","title":{"rendered":"Men\u00e7\u00f5es legais"},"content":{"rendered":"<section class=\"creads-block creads-simple-title\" style=\"background-color:#ffffff;\">\n  <div class=\"container black\">\n    <h2 class=\"simple-title\">MEN\u00c7\u00d5ES LEGAIS<\/h2><p class=\"subtitle\">Denomina\u00e7\u00e3o Social: Creads <br \/>\r\nRaz\u00e3o Social: SAS <br \/>\r\nCapital Social: 691 096 \u20ac<br \/>\r\nMorada da sede social: 112, rue R\u00e9aumur 75002 Paris<br \/>\r\nTel: +33 (0)1 55 34 78 70<br \/>\r\nE-mail : <a href=\"mailto:contact@creads.com\">contact@creads.com<\/a><br \/>\r\n<br \/>\r\nRegisto Comercial: 504 019 662 R.C.S <br \/>\r\nParis Identifica\u00e7\u00e3o IVA: FR09504019662 <br \/>\r\nDeclara\u00e7\u00e3o CNIL: 1322327<br \/>\r\nDUNS: 260026783<br \/>\r\n<br \/>\r\n<b>Alojamento<\/b><br \/>\r\nDigital Ocean Soci\u00e9t\u00e9<br \/>\r\n101 Avenue of the Americas<br \/>\r\nNew York 10013<br \/>\r\nUnited States of America<br \/>\r\nT\u00e9l : +33 (0)8 203 203 63<br \/>\r\nE-mail : <a href=\"mailto:contact@digitalocean.com\">contact@digitalocean.com<\/a><br \/>\r\nWeb: https:\/\/www.digitalocean.com<br \/>\r\n<br \/>\r\n<b>Nos sites<\/b><br \/>\r\nA Creads \u00e9 uma sociedade por a\u00e7\u00f5es simplificadas que edita v\u00e1rios sites: <a href=\"https:\/\/www.creads.com\">https:\/\/www.creads.com<\/a> \u00e9 a plataforma de co-cria\u00e7\u00e3o <br \/>\r\nda ag\u00eancia. https:\/\/www.creads-partners.com \u00e9 a montra da nossa solu\u00e7\u00e3o de produ\u00e7\u00e3o de conte\u00fado criativo \u00e0 medida.<br \/>\r\n<br \/>\r\n<b>Utiliza\u00e7\u00e3o do Google Analytics<\/b><br \/>\r\nEste site usa o Google Analytics, um servi\u00e7o de an\u00e1lise da web fornecido pela Google Inc. (&#8220;Google&#8221;). O Google Analytics usa cookies, que s\u00e3o ficheiros de texto colocados no seu computador, para ajudar o site a analisar a forma como os utilizadores usam o site.<\/p>  <\/div>\n<\/section>","protected":false},"excerpt":{"rendered":"","protected":false},"author":3,"featured_media":0,"parent":0,"menu_order":0,"comment_status":"closed","ping_status":"closed","template":"","meta":{"_et_pb_use_builder":"","_et_pb_old_content":"","footnotes":""},"class_list":["post-49774","page","type-page","status-publish","hentry"],"yoast_head":"<!-- This site is optimized with the Yoast SEO plugin v23.8 - https:\/\/yoast.com\/wordpress\/plugins\/seo\/ -->\n<title>Men\u00e7\u00f5es legais - CREADS<\/title>\n<meta name=\"description\" content=\"Aqui est\u00e3o os avisos legais da Creads, que \u00e9 a primeira plataforma francesa de cria\u00e7\u00e3o de conte\u00fado online.\" \/>\n<meta name=\"robots\" content=\"index, follow, max-snippet:-1, max-image-preview:large, max-video-preview:-1\" \/>\n<link rel=\"canonical\" href=\"https:\/\/www.creads.com\/pt-pt\/mencoes-legais\/\" \/>\n<meta property=\"og:locale\" content=\"pt_PT\" \/>\n<meta property=\"og:type\" content=\"article\" \/>\n<meta property=\"og:title\" content=\"Men\u00e7\u00f5es legais - CREADS\" \/>\n<meta property=\"og:description\" content=\"Aqui est\u00e3o os avisos legais da Creads, que \u00e9 a primeira plataforma francesa de cria\u00e7\u00e3o de conte\u00fado online.\" \/>\n<meta property=\"og:url\" content=\"https:\/\/www.creads.com\/pt-pt\/mencoes-legais\/\" \/>\n<meta property=\"og:site_name\" content=\"CREADS\" \/>\n<meta property=\"article:publisher\" content=\"https:\/\/fr-fr.facebook.com\/creads\/\" \/>\n<meta property=\"article:modified_time\" content=\"2022-03-10T13:17:48+00:00\" \/>\n<meta name=\"twitter:card\" content=\"summary_large_image\" \/>\n<meta name=\"twitter:title\" content=\"Men\u00e7\u00f5es legais - CREADS\" \/>\n<meta name=\"twitter:description\" content=\"Aqui est\u00e3o os avisos legais da Creads, que \u00e9 a primeira plataforma francesa de cria\u00e7\u00e3o de conte\u00fado online.\" \/>\n<meta name=\"twitter:site\" content=\"@creads\" \/>\n<script type=\"application\/ld+json\" class=\"yoast-schema-graph\">{\"@context\":\"https:\/\/schema.org\",\"@graph\":[{\"@type\":\"WebPage\",\"@id\":\"https:\/\/www.creads.com\/pt-pt\/mencoes-legais\/\",\"url\":\"https:\/\/www.creads.com\/pt-pt\/mencoes-legais\/\",\"name\":\"Men\u00e7\u00f5es legais - CREADS\",\"isPartOf\":{\"@id\":\"https:\/\/www.creads.com\/#website\"},\"datePublished\":\"2021-01-14T02:07:38+00:00\",\"dateModified\":\"2022-03-10T13:17:48+00:00\",\"description\":\"Aqui est\u00e3o os avisos legais da Creads, que \u00e9 a primeira plataforma francesa de cria\u00e7\u00e3o de conte\u00fado online.\",\"breadcrumb\":{\"@id\":\"https:\/\/www.creads.com\/pt-pt\/mencoes-legais\/#breadcrumb\"},\"inLanguage\":\"pt-PT\",\"potentialAction\":[{\"@type\":\"ReadAction\",\"target\":[\"https:\/\/www.creads.com\/pt-pt\/mencoes-legais\/\"]}]},{\"@type\":\"BreadcrumbList\",\"@id\":\"https:\/\/www.creads.com\/pt-pt\/mencoes-legais\/#breadcrumb\",\"itemListElement\":[{\"@type\":\"ListItem\",\"position\":1,\"name\":\"Creads\",\"item\":\"https:\/\/www.creads.com\/pt-pt\/\"},{\"@type\":\"ListItem\",\"position\":2,\"name\":\"Men\u00e7\u00f5es legais\"}]},{\"@type\":\"WebSite\",\"@id\":\"https:\/\/www.creads.com\/#website\",\"url\":\"https:\/\/www.creads.com\/\",\"name\":\"CREADS\",\"description\":\"\",\"publisher\":{\"@id\":\"https:\/\/www.creads.com\/#organization\"},\"potentialAction\":[{\"@type\":\"SearchAction\",\"target\":{\"@type\":\"EntryPoint\",\"urlTemplate\":\"https:\/\/www.creads.com\/?s={search_term_string}\"},\"query-input\":{\"@type\":\"PropertyValueSpecification\",\"valueRequired\":true,\"valueName\":\"search_term_string\"}}],\"inLanguage\":\"pt-PT\"},{\"@type\":\"Organization\",\"@id\":\"https:\/\/www.creads.com\/#organization\",\"name\":\"Creads\",\"url\":\"https:\/\/www.creads.com\/\",\"logo\":{\"@type\":\"ImageObject\",\"inLanguage\":\"pt-PT\",\"@id\":\"https:\/\/www.creads.com\/#\/schema\/logo\/image\/\",\"url\":\"https:\/\/www.creads.com\/wp-content\/uploads\/2021\/06\/Logo-Creads-Baseline-Noir.png\",\"contentUrl\":\"https:\/\/www.creads.com\/wp-content\/uploads\/2021\/06\/Logo-Creads-Baseline-Noir.png\",\"width\":6487,\"height\":2611,\"caption\":\"Creads\"},\"image\":{\"@id\":\"https:\/\/www.creads.com\/#\/schema\/logo\/image\/\"},\"sameAs\":[\"https:\/\/fr-fr.facebook.com\/creads\/\",\"https:\/\/x.com\/creads\",\"https:\/\/www.instagram.com\/creads\/\",\"https:\/\/fr.linkedin.com\/company\/creads\",\"https:\/\/www.pinterest.fr\/agencecreads\/\"]}]}<\/script>\n<!-- \/ Yoast SEO plugin. -->","yoast_head_json":{"title":"Men\u00e7\u00f5es legais - CREADS","description":"Aqui est\u00e3o os avisos legais da Creads, que \u00e9 a primeira plataforma francesa de cria\u00e7\u00e3o de conte\u00fado online.","robots":{"index":"index","follow":"follow","max-snippet":"max-snippet:-1","max-image-preview":"max-image-preview:large","max-video-preview":"max-video-preview:-1"},"canonical":"https:\/\/www.creads.com\/pt-pt\/mencoes-legais\/","og_locale":"pt_PT","og_type":"article","og_title":"Men\u00e7\u00f5es legais - CREADS","og_description":"Aqui est\u00e3o os avisos legais da Creads, que \u00e9 a primeira plataforma francesa de cria\u00e7\u00e3o de conte\u00fado online.","og_url":"https:\/\/www.creads.com\/pt-pt\/mencoes-legais\/","og_site_name":"CREADS","article_publisher":"https:\/\/fr-fr.facebook.com\/creads\/","article_modified_time":"2022-03-10T13:17:48+00:00","twitter_card":"summary_large_image","twitter_title":"Men\u00e7\u00f5es legais - CREADS","twitter_description":"Aqui est\u00e3o os avisos legais da Creads, que \u00e9 a primeira plataforma francesa de cria\u00e7\u00e3o de conte\u00fado online.","twitter_site":"@creads","schema":{"@context":"https:\/\/schema.org","@graph":[{"@type":"WebPage","@id":"https:\/\/www.creads.com\/pt-pt\/mencoes-legais\/","url":"https:\/\/www.creads.com\/pt-pt\/mencoes-legais\/","name":"Men\u00e7\u00f5es legais - CREADS","isPartOf":{"@id":"https:\/\/www.creads.com\/#website"},"datePublished":"2021-01-14T02:07:38+00:00","dateModified":"2022-03-10T13:17:48+00:00","description":"Aqui est\u00e3o os avisos legais da Creads, que \u00e9 a primeira plataforma francesa de cria\u00e7\u00e3o de conte\u00fado online.","breadcrumb":{"@id":"https:\/\/www.creads.com\/pt-pt\/mencoes-legais\/#breadcrumb"},"inLanguage":"pt-PT","potentialAction":[{"@type":"ReadAction","target":["https:\/\/www.creads.com\/pt-pt\/mencoes-legais\/"]}]},{"@type":"BreadcrumbList","@id":"https:\/\/www.creads.com\/pt-pt\/mencoes-legais\/#breadcrumb","itemListElement":[{"@type":"ListItem","position":1,"name":"Creads","item":"https:\/\/www.creads.com\/pt-pt\/"},{"@type":"ListItem","position":2,"name":"Men\u00e7\u00f5es legais"}]},{"@type":"WebSite","@id":"https:\/\/www.creads.com\/#website","url":"https:\/\/www.creads.com\/","name":"CREADS","description":"","publisher":{"@id":"https:\/\/www.creads.com\/#organization"},"potentialAction":[{"@type":"SearchAction","target":{"@type":"EntryPoint","urlTemplate":"https:\/\/www.creads.com\/?s={search_term_string}"},"query-input":{"@type":"PropertyValueSpecification","valueRequired":true,"valueName":"search_term_string"}}],"inLanguage":"pt-PT"},{"@type":"Organization","@id":"https:\/\/www.creads.com\/#organization","name":"Creads","url":"https:\/\/www.creads.com\/","logo":{"@type":"ImageObject","inLanguage":"pt-PT","@id":"https:\/\/www.creads.com\/#\/schema\/logo\/image\/","url":"https:\/\/www.creads.com\/wp-content\/uploads\/2021\/06\/Logo-Creads-Baseline-Noir.png","contentUrl":"https:\/\/www.creads.com\/wp-content\/uploads\/2021\/06\/Logo-Creads-Baseline-Noir.png","width":6487,"height":2611,"caption":"Creads"},"image":{"@id":"https:\/\/www.creads.com\/#\/schema\/logo\/image\/"},"sameAs":["https:\/\/fr-fr.facebook.com\/creads\/","https:\/\/x.com\/creads","https:\/\/www.instagram.com\/creads\/","https:\/\/fr.linkedin.com\/company\/creads","https:\/\/www.pinterest.fr\/agencecreads\/"]}]}},"meta_box":{"creads_header_theme":"light"},"_links":{"self":[{"href":"https:\/\/www.creads.com\/pt-pt\/wp-json\/wp\/v2\/pages\/49774"}],"collection":[{"href":"https:\/\/www.creads.com\/pt-pt\/wp-json\/wp\/v2\/pages"}],"about":[{"href":"https:\/\/www.creads.com\/pt-pt\/wp-json\/wp\/v2\/types\/page"}],"author":[{"embeddable":true,"href":"https:\/\/www.creads.com\/pt-pt\/wp-json\/wp\/v2\/users\/3"}],"replies":[{"embeddable":true,"href":"https:\/\/www.creads.com\/pt-pt\/wp-json\/wp\/v2\/comments?post=49774"}],"version-history":[{"count":3,"href":"https:\/\/www.creads.com\/pt-pt\/wp-json\/wp\/v2\/pages\/49774\/revisions"}],"predecessor-version":[{"id":68212,"href":"https:\/\/www.creads.com\/pt-pt\/wp-json\/wp\/v2\/pages\/49774\/revisions\/68212"}],"wp:attachment":[{"href":"https:\/\/www.creads.com\/pt-pt\/wp-json\/wp\/v2\/media?parent=49774"}],"curies":[{"name":"wp","href":"https:\/\/api.w.org\/{rel}","templated":true}]}}