{"id":49816,"date":"2021-01-14T03:06:55","date_gmt":"2021-01-14T02:06:55","guid":{"rendered":"https:\/\/www.creads.com\/case-studies\/"},"modified":"2023-02-02T13:03:44","modified_gmt":"2023-02-02T12:03:44","slug":"case-studies","status":"publish","type":"page","link":"https:\/\/www.creads.com\/pt-pt\/case-studies\/","title":{"rendered":"Case studies"},"content":{"rendered":"<section class=\"creads-block creads-list-publications\">\n  <h1>Inspire-se nos nossos <br \/>\r\n\u00faltimos case studies<\/h1>\n  <div class=\"publications-container\" data-publications-per-page=\"5\"><\/div>\n  <div class=\"pagination-container\"><\/div>\n<\/section>","protected":false},"excerpt":{"rendered":"","protected":false},"author":1,"featured_media":0,"parent":0,"menu_order":0,"comment_status":"closed","ping_status":"closed","template":"","meta":{"_et_pb_use_builder":"","_et_pb_old_content":"","footnotes":""},"class_list":["post-49816","page","type-page","status-publish","hentry"],"yoast_head":"<!-- This site is optimized with the Yoast SEO plugin v23.8 - https:\/\/yoast.com\/wordpress\/plugins\/seo\/ -->\n<title>Os nossos \u00faltimos estudos de caso para o inspirar com Creads<\/title>\n<meta name=\"description\" content=\"Descubra as chaves do sucesso dos nossos clientes atrav\u00e9s de estudos de casos visuais e sint\u00e9ticos para inspirar os seus pr\u00f3ximos projectos.\" \/>\n<meta name=\"robots\" content=\"index, follow, max-snippet:-1, max-image-preview:large, max-video-preview:-1\" \/>\n<link rel=\"canonical\" href=\"https:\/\/www.creads.com\/pt-pt\/case-studies\/\" \/>\n<meta property=\"og:locale\" content=\"pt_PT\" \/>\n<meta property=\"og:type\" content=\"article\" \/>\n<meta property=\"og:title\" content=\"Os nossos \u00faltimos estudos de caso para o inspirar com Creads\" \/>\n<meta property=\"og:description\" content=\"Descubra as chaves do sucesso dos nossos clientes atrav\u00e9s de estudos de casos visuais e sint\u00e9ticos para inspirar os seus pr\u00f3ximos projectos.\" \/>\n<meta property=\"og:url\" content=\"https:\/\/www.creads.com\/pt-pt\/case-studies\/\" \/>\n<meta property=\"og:site_name\" content=\"CREADS\" \/>\n<meta property=\"article:publisher\" content=\"https:\/\/fr-fr.facebook.com\/creads\/\" \/>\n<meta property=\"article:modified_time\" content=\"2023-02-02T12:03:44+00:00\" \/>\n<meta property=\"og:image\" content=\"https:\/\/www.creads.com\/wp-content\/uploads\/2021\/02\/page-cs.jpg\" \/>\n\t<meta property=\"og:image:width\" content=\"2754\" \/>\n\t<meta property=\"og:image:height\" content=\"1524\" \/>\n\t<meta property=\"og:image:type\" content=\"image\/jpeg\" \/>\n<meta name=\"twitter:card\" content=\"summary_large_image\" \/>\n<meta name=\"twitter:title\" content=\"Os nossos \u00faltimos estudos de caso para o inspirar com Creads\" \/>\n<meta name=\"twitter:description\" content=\"Descubra as chaves do sucesso dos nossos clientes atrav\u00e9s de estudos de casos visuais e sint\u00e9ticos para inspirar os seus pr\u00f3ximos projectos.\" \/>\n<meta name=\"twitter:image\" content=\"https:\/\/www.creads.com\/wp-content\/uploads\/2021\/02\/page-cs.jpg\" \/>\n<meta name=\"twitter:site\" content=\"@creads\" \/>\n<script type=\"application\/ld+json\" class=\"yoast-schema-graph\">{\"@context\":\"https:\/\/schema.org\",\"@graph\":[{\"@type\":\"WebPage\",\"@id\":\"https:\/\/www.creads.com\/pt-pt\/case-studies\/\",\"url\":\"https:\/\/www.creads.com\/pt-pt\/case-studies\/\",\"name\":\"Os nossos \u00faltimos estudos de caso para o inspirar com Creads\",\"isPartOf\":{\"@id\":\"https:\/\/www.creads.com\/#website\"},\"datePublished\":\"2021-01-14T02:06:55+00:00\",\"dateModified\":\"2023-02-02T12:03:44+00:00\",\"description\":\"Descubra as chaves do sucesso dos nossos clientes atrav\u00e9s de estudos de casos visuais e sint\u00e9ticos para inspirar os seus pr\u00f3ximos projectos.\",\"breadcrumb\":{\"@id\":\"https:\/\/www.creads.com\/pt-pt\/case-studies\/#breadcrumb\"},\"inLanguage\":\"pt-PT\",\"potentialAction\":[{\"@type\":\"ReadAction\",\"target\":[\"https:\/\/www.creads.com\/pt-pt\/case-studies\/\"]}]},{\"@type\":\"BreadcrumbList\",\"@id\":\"https:\/\/www.creads.com\/pt-pt\/case-studies\/#breadcrumb\",\"itemListElement\":[{\"@type\":\"ListItem\",\"position\":1,\"name\":\"Creads\",\"item\":\"https:\/\/www.creads.com\/pt-pt\/\"},{\"@type\":\"ListItem\",\"position\":2,\"name\":\"Case studies\"}]},{\"@type\":\"WebSite\",\"@id\":\"https:\/\/www.creads.com\/#website\",\"url\":\"https:\/\/www.creads.com\/\",\"name\":\"CREADS\",\"description\":\"\",\"publisher\":{\"@id\":\"https:\/\/www.creads.com\/#organization\"},\"potentialAction\":[{\"@type\":\"SearchAction\",\"target\":{\"@type\":\"EntryPoint\",\"urlTemplate\":\"https:\/\/www.creads.com\/?s={search_term_string}\"},\"query-input\":{\"@type\":\"PropertyValueSpecification\",\"valueRequired\":true,\"valueName\":\"search_term_string\"}}],\"inLanguage\":\"pt-PT\"},{\"@type\":\"Organization\",\"@id\":\"https:\/\/www.creads.com\/#organization\",\"name\":\"Creads\",\"url\":\"https:\/\/www.creads.com\/\",\"logo\":{\"@type\":\"ImageObject\",\"inLanguage\":\"pt-PT\",\"@id\":\"https:\/\/www.creads.com\/#\/schema\/logo\/image\/\",\"url\":\"https:\/\/www.creads.com\/wp-content\/uploads\/2021\/06\/Logo-Creads-Baseline-Noir.png\",\"contentUrl\":\"https:\/\/www.creads.com\/wp-content\/uploads\/2021\/06\/Logo-Creads-Baseline-Noir.png\",\"width\":6487,\"height\":2611,\"caption\":\"Creads\"},\"image\":{\"@id\":\"https:\/\/www.creads.com\/#\/schema\/logo\/image\/\"},\"sameAs\":[\"https:\/\/fr-fr.facebook.com\/creads\/\",\"https:\/\/x.com\/creads\",\"https:\/\/www.instagram.com\/creads\/\",\"https:\/\/fr.linkedin.com\/company\/creads\",\"https:\/\/www.pinterest.fr\/agencecreads\/\"]}]}<\/script>\n<!-- \/ Yoast SEO plugin. -->","yoast_head_json":{"title":"Os nossos \u00faltimos estudos de caso para o inspirar com Creads","description":"Descubra as chaves do sucesso dos nossos clientes atrav\u00e9s de estudos de casos visuais e sint\u00e9ticos para inspirar os seus pr\u00f3ximos projectos.","robots":{"index":"index","follow":"follow","max-snippet":"max-snippet:-1","max-image-preview":"max-image-preview:large","max-video-preview":"max-video-preview:-1"},"canonical":"https:\/\/www.creads.com\/pt-pt\/case-studies\/","og_locale":"pt_PT","og_type":"article","og_title":"Os nossos \u00faltimos estudos de caso para o inspirar com Creads","og_description":"Descubra as chaves do sucesso dos nossos clientes atrav\u00e9s de estudos de casos visuais e sint\u00e9ticos para inspirar os seus pr\u00f3ximos projectos.","og_url":"https:\/\/www.creads.com\/pt-pt\/case-studies\/","og_site_name":"CREADS","article_publisher":"https:\/\/fr-fr.facebook.com\/creads\/","article_modified_time":"2023-02-02T12:03:44+00:00","og_image":[{"width":2754,"height":1524,"url":"https:\/\/www.creads.com\/wp-content\/uploads\/2021\/02\/page-cs.jpg","type":"image\/jpeg"}],"twitter_card":"summary_large_image","twitter_title":"Os nossos \u00faltimos estudos de caso para o inspirar com Creads","twitter_description":"Descubra as chaves do sucesso dos nossos clientes atrav\u00e9s de estudos de casos visuais e sint\u00e9ticos para inspirar os seus pr\u00f3ximos projectos.","twitter_image":"https:\/\/www.creads.com\/wp-content\/uploads\/2021\/02\/page-cs.jpg","twitter_site":"@creads","schema":{"@context":"https:\/\/schema.org","@graph":[{"@type":"WebPage","@id":"https:\/\/www.creads.com\/pt-pt\/case-studies\/","url":"https:\/\/www.creads.com\/pt-pt\/case-studies\/","name":"Os nossos \u00faltimos estudos de caso para o inspirar com Creads","isPartOf":{"@id":"https:\/\/www.creads.com\/#website"},"datePublished":"2021-01-14T02:06:55+00:00","dateModified":"2023-02-02T12:03:44+00:00","description":"Descubra as chaves do sucesso dos nossos clientes atrav\u00e9s de estudos de casos visuais e sint\u00e9ticos para inspirar os seus pr\u00f3ximos projectos.","breadcrumb":{"@id":"https:\/\/www.creads.com\/pt-pt\/case-studies\/#breadcrumb"},"inLanguage":"pt-PT","potentialAction":[{"@type":"ReadAction","target":["https:\/\/www.creads.com\/pt-pt\/case-studies\/"]}]},{"@type":"BreadcrumbList","@id":"https:\/\/www.creads.com\/pt-pt\/case-studies\/#breadcrumb","itemListElement":[{"@type":"ListItem","position":1,"name":"Creads","item":"https:\/\/www.creads.com\/pt-pt\/"},{"@type":"ListItem","position":2,"name":"Case studies"}]},{"@type":"WebSite","@id":"https:\/\/www.creads.com\/#website","url":"https:\/\/www.creads.com\/","name":"CREADS","description":"","publisher":{"@id":"https:\/\/www.creads.com\/#organization"},"potentialAction":[{"@type":"SearchAction","target":{"@type":"EntryPoint","urlTemplate":"https:\/\/www.creads.com\/?s={search_term_string}"},"query-input":{"@type":"PropertyValueSpecification","valueRequired":true,"valueName":"search_term_string"}}],"inLanguage":"pt-PT"},{"@type":"Organization","@id":"https:\/\/www.creads.com\/#organization","name":"Creads","url":"https:\/\/www.creads.com\/","logo":{"@type":"ImageObject","inLanguage":"pt-PT","@id":"https:\/\/www.creads.com\/#\/schema\/logo\/image\/","url":"https:\/\/www.creads.com\/wp-content\/uploads\/2021\/06\/Logo-Creads-Baseline-Noir.png","contentUrl":"https:\/\/www.creads.com\/wp-content\/uploads\/2021\/06\/Logo-Creads-Baseline-Noir.png","width":6487,"height":2611,"caption":"Creads"},"image":{"@id":"https:\/\/www.creads.com\/#\/schema\/logo\/image\/"},"sameAs":["https:\/\/fr-fr.facebook.com\/creads\/","https:\/\/x.com\/creads","https:\/\/www.instagram.com\/creads\/","https:\/\/fr.linkedin.com\/company\/creads","https:\/\/www.pinterest.fr\/agencecreads\/"]}]}},"meta_box":{"creads_header_theme":"light"},"_links":{"self":[{"href":"https:\/\/www.creads.com\/pt-pt\/wp-json\/wp\/v2\/pages\/49816"}],"collection":[{"href":"https:\/\/www.creads.com\/pt-pt\/wp-json\/wp\/v2\/pages"}],"about":[{"href":"https:\/\/www.creads.com\/pt-pt\/wp-json\/wp\/v2\/types\/page"}],"author":[{"embeddable":true,"href":"https:\/\/www.creads.com\/pt-pt\/wp-json\/wp\/v2\/users\/1"}],"replies":[{"embeddable":true,"href":"https:\/\/www.creads.com\/pt-pt\/wp-json\/wp\/v2\/comments?post=49816"}],"version-history":[{"count":6,"href":"https:\/\/www.creads.com\/pt-pt\/wp-json\/wp\/v2\/pages\/49816\/revisions"}],"predecessor-version":[{"id":80449,"href":"https:\/\/www.creads.com\/pt-pt\/wp-json\/wp\/v2\/pages\/49816\/revisions\/80449"}],"wp:attachment":[{"href":"https:\/\/www.creads.com\/pt-pt\/wp-json\/wp\/v2\/media?parent=49816"}],"curies":[{"name":"wp","href":"https:\/\/api.w.org\/{rel}","templated":true}]}}