{"id":49872,"date":"2021-01-14T03:05:36","date_gmt":"2021-01-14T02:05:36","guid":{"rendered":"https:\/\/www.creads.com\/creads\/"},"modified":"2022-02-12T09:49:09","modified_gmt":"2022-02-12T08:49:09","slug":"creads","status":"publish","type":"page","link":"https:\/\/www.creads.com\/pt-pt\/creads\/","title":{"rendered":"Creads"},"content":{"rendered":"<section class=\"creads-block creads-comparison\">\n  <div class=\"container\">\n    <h1>A plataforma Creads <span class=\"color-blue\">Poupan\u00e7a de tempo = Poupan\u00e7a de dinheiro<\/span><\/h1>\n    <p class=\"subtitle\"><b>Poupe mais de 2000 \u20ac at\u00e9 antes de ter come\u00e7ado<\/b><\/p>    <div class=\"table-container\">\n      <div class=\"table-row head\">\n        <div class=\"column-0\"><\/div>\n        <div class=\"column-1\"><h3>3 dias \/ pessoa<\/h3><p class=\"text\">Com uma ag\u00eancia tradicional <br \/>\r\nou um est\u00fadio<\/p><\/div><div class=\"column-2\"><h3>3 horas \/ equipa<\/h3><p class=\"text\">Com a Creads, <br \/>\r\ntudo \u00e9 simples<\/p><\/div>      <\/div>\n      <div class=\"table-row body\"><div class=\"column-0\"><p class=\"title\">Exprimir as suas necessidades<\/p><\/div><div class=\"column-1\"><div class=\"title-mobile\"><p class=\"title\">Exprimir as suas necessidades<\/p><\/div><p class=\"text\">&#8211; Por telefone, por email, por correio.<br \/>\r\n&#8211; V\u00e1rias horas<br \/>\r\n<\/p><p class=\"highlight\">HORAS<\/p><\/div><div class=\"column-2\"><div class=\"title-mobile\"><p class=\"title\">Exprimir as suas necessidades<\/p><\/div><p class=\"text\">&#8211; Briefing online<br \/>\r\n&#8211; Ao vivo e automatizado<\/p><p class=\"highlight\">30 MINUTOS<\/p><\/div><\/div><div class=\"table-row body\"><div class=\"column-0\"><p class=\"title\">Obter v\u00e1rios estilos <br \/>\r\nde cria\u00e7\u00f5es<\/p><\/div><div class=\"column-1\"><div class=\"title-mobile\"><p class=\"title\">Obter v\u00e1rios estilos <br \/>\r\nde cria\u00e7\u00f5es<\/p><\/div><p class=\"text\">&#8211; V\u00e1rias horas para contactar v\u00e1rias ag\u00eancias e receb\u00ea-las<\/p><p class=\"highlight\">6 HORAS<\/p><\/div><div class=\"column-2\"><div class=\"title-mobile\"><p class=\"title\">Obter v\u00e1rios estilos <br \/>\r\nde cria\u00e7\u00f5es<\/p><\/div><p class=\"text\">&#8211; Escolha do n\u00famero de criativos online<br \/>\r\n&#8211; Ao vivo e automatizado<\/p><p class=\"highlight\">15 MINUTOS<\/p><\/div><\/div><div class=\"table-row body\"><div class=\"column-0\"><p class=\"title\">Receber v\u00e1rias <br \/>\r\nofertas<\/p><\/div><div class=\"column-1\"><div class=\"title-mobile\"><p class=\"title\">Receber v\u00e1rias <br \/>\r\nofertas<\/p><\/div><p class=\"text\">&#8211; V\u00e1rias horas para contactar v\u00e1rias ag\u00eancias  3 <\/p><p class=\"highlight\">3 HORAS<\/p><\/div><div class=\"column-2\"><div class=\"title-mobile\"><p class=\"title\">Receber v\u00e1rias <br \/>\r\nofertas<\/p><\/div><p class=\"text\">&#8211; Ao vivo e automatizado<\/p><p class=\"highlight\">15 minutos<\/p><\/div><\/div><div class=\"table-row body\"><div class=\"column-0\"><p class=\"title\">Trocar ideias com o criativo<\/p><p class=\"subtitle\">e efetuar os seus pedidos de corre\u00e7\u00f5es diretamente<\/p><\/div><div class=\"column-1\"><div class=\"title-mobile\"><p class=\"title\">Trocar ideias com o criativo<\/p><p class=\"subtitle\">e efetuar os seus pedidos de corre\u00e7\u00f5es diretamente<\/p><\/div><p class=\"text\">&#8211; A trav\u00e9s dos meios de comunica\u00e7\u00e3o tradicionais<\/p><p class=\"highlight\">2 DIAS<\/p><\/div><div class=\"column-2\"><div class=\"title-mobile\"><p class=\"title\">Trocar ideias com o criativo<\/p><p class=\"subtitle\">e efetuar os seus pedidos de corre\u00e7\u00f5es diretamente<\/p><\/div><p class=\"text\">&#8211; Online, ao vivo<\/p><p class=\"highlight\">2 HORAS<\/p><\/div><\/div><div class=\"table-row body\"><div class=\"column-0\"><p class=\"title\">Armazenamento dos ficheiros<\/p><\/div><div class=\"column-1\"><div class=\"title-mobile\"><p class=\"title\">Armazenamento dos ficheiros<\/p><\/div><p class=\"text\">&#8211; A cargo do cliente<\/p><\/div><div class=\"column-2\"><div class=\"title-mobile\"><p class=\"title\">Armazenamento dos ficheiros<\/p><\/div><p class=\"text\">&#8211; Sistem\u00e1tico na nossa interface automatizada\t<\/p><\/div><\/div>    <\/div>\n  <\/div>\n<\/section>\n\n<section class=\"creads-block creads-text-2-columns\" style=\"background-color:#ffffff;\">\n  <div class=\"main-text-container\">\n    <h2>O entusiasmo da p\u00e1gina em branco!<\/h2><p class=\"subtitle\">EM 2008, JULIEN MECHIN DECIDE CO-CRIAR A <br \/>\r\nPRIMEIRA PLATAFORMA DE CRIA\u00c7\u00c3O, COM <br \/>\r\nMUITA PAIX\u00c3O, OUSADA E&#8230; BEM, \u00c9 MAIS OU <br \/>\r\nMENOS ISTO!<\/p><div class=\"text\"><p>Na verdade, nem ele nem o seu ent\u00e3o s\u00f3cio tinham alguma vez trabalhado numa ag\u00eancia. Longe de ser um obst\u00e1culo, no entanto, a falta de experi\u00eancia \u00e9 a maior for\u00e7a deles: livres de quaisquer ideias pr\u00e9-concebidas, optam por partir de uma p\u00e1gina em branco e reinventar tudo. Eles n\u00e3o sabiam que era imposs\u00edvel, ent\u00e3o fizeram-no*: E nasceu a Creads!<\/p>\n<\/div><p class=\"subtext\">(*Ok, a frase n\u00e3o \u00e9 nossa, \u00e9 do Mark Twain\u2026)<\/p>  <\/div>\n  <div class=\"columns-container\">\n    <div class=\"column column-1\"><h3>Nascimento <br \/>\r\nde um conceito<\/h3><div class=\"text\"><p>A ideia deles? Oferecer o melhor da cria\u00e7\u00e3o, reunindo clientes e talentos criativos selecionados a dedo \u00e0 volta de uma plataforma tecnol\u00f3gica para aumentar a produtividade. Chega de perder tempo: com a Creads, o tempo gasto num projeto \u00e9 dedicado exclusivamente \u00e0 cria\u00e7\u00e3o.<\/p>\n<p>A combina\u00e7\u00e3o de talento e tecnologia compensa rapidamente: A Creads torna-se a 1.\u00aa plataforma de cria\u00e7\u00e3o de conte\u00fado criativo na Fran\u00e7a dedicada ao grafismo, v\u00eddeo e \u00e0 reda\u00e7\u00e3o.<\/p>\n<\/div><\/div><div class=\"column column-2\"><h3>Todos os dias<br \/>\r\ns\u00e3o como se fosse o primeiro<\/h3><div class=\"text\"><p>Encostar-se \u00e0 sombra da bananeira? Isso n\u00e3o \u00e9 para n\u00f3s! Ao longo de 13 anos de sucesso, a Creads desenvolveu a sua especializa\u00e7\u00e3o e o seu know-how, questionando-se constantemente, para estar sempre no topo da inova\u00e7\u00e3o!<\/p>\n<p>Nunca nada est\u00e1 ganho \u00e0 partida: podemos sempre fazer mais e melhor!<\/p>\n<p>O nosso lema?<\/p>\n<p>T\u00c3O F\u00c1CIL, T\u00c3O SIMPLES, T\u00c3O CRIATIVO<\/p>\n<\/div><\/div>    <img decoding=\"async\" class=\"mask\" src=\"https:\/\/www.creads.com\/wp-content\/themes\/creads\/dist\/images\/columns-mask_4968cf36.svg\" \/>\n  <\/div>\n<\/section>\n\n<section class=\"creads-block creads-quotes-1\">\n  <div class=\"shape shape-1\"><\/div><div class=\"shape shape-2\"><\/div><div class=\"shape shape-3\"><\/div>  <div class=\"quote-container\">\n    <div class=\"text-container\">\n      <div class=\"text\">\n        <p>\u201cH\u00e1 13 anos, a Creads veio revolucionar com sucesso um modelo publicit\u00e1rio arcaico.<\/p>\n<p>Amparados por um crescimento de dois d\u00edgitos a cada ano e impulsionados pela nossa sede de inova\u00e7\u00e3o, imaginamos, criamos e desenvolvemos para os nossos clientes uma nova metodologia, assim como uma nova plataforma revolucion\u00e1ria, chamada <strong>Creads Partners<\/strong>.<\/p>\n<p><strong>A Creads Partners <\/strong>permite aos nossos clientes trabalhar de forma colaborativa, acompanhar os seus projetos de A a Z e aceder aos nossos melhores criativos, beneficiando de uma qualidade e uma velocidade de realiza\u00e7\u00e3o infal\u00edveis, associadas a um controlo total dos custos e atrasos.<\/p>\n<p>Na Creads, a nossa receita \u00e9 simples: \u00e9 automatizando processos demorados que conseguimos ser t\u00e3o eficientes e competitivos. \u201d<\/p>\n      <\/div>\n      <div class=\"author\">C\u00e9dric &#8211; Presidente<\/div>\n    <\/div>\n    <img decoding=\"async\" class=\"image-desktop\" src=\"https:\/\/www.creads.com\/wp-content\/uploads\/2021\/01\/creads-quote-cedric-desktop.jpg\" alt=\"C\u00e9dric Gourbault\" \/>\n    <div class=\"author-mobile\">\n      <img decoding=\"async\" src=\"https:\/\/www.creads.com\/wp-content\/uploads\/2021\/01\/creads-quote-cedric-mobile.jpg\" alt=\"C\u00e9dric Gourbault\" \/>\n      <div class=\"author-infos\">\n        <p class=\"name\">C\u00e9dric<\/p>\n        <p class=\"job\">Presidente<\/p>\n      <\/div>\n    <\/div>\n  <\/div>\n<\/section>\n\n<section class=\"creads-block creads-icons-carousel\" style=\"background-color:#ffffff;\">\n  <div class=\"container\">\n    <h2>OS NOSSOS VALORES<\/h2>\n    <div class=\"icons-container\">\n      <div class=\"icon-container\"><img decoding=\"async\" src=\"https:\/\/www.creads.com\/wp-content\/uploads\/2021\/01\/icon-like-bulb.svg\" alt=\"icone ampoule id\u00e9e\" \/><h3>Originalidade &#038; <br \/>\r\nCriatividade<\/h3><p>Porque cada cliente \u00e9 \u00fanico, ele deve poder beneficiar de cria\u00e7\u00f5es que se assemelham a ele. Na Creads, achamos que a criatividade nunca \u00e9 demais!<\/p><\/div><div class=\"icon-container\"><img decoding=\"async\" src=\"https:\/\/www.creads.com\/wp-content\/uploads\/2021\/01\/icon-expert-user.svg\" alt=\"icone expert\" \/><h3>Especializa\u00e7\u00e3o <br \/>\r\n&#038; Qualidade<\/h3><p>Os nossos 13 anos de sucesso permitem-nos justificar um verdadeiro know-how na compreens\u00e3o das suas necessidades, na qualidade das rela\u00e7\u00f5es com os clientes e na cria\u00e7\u00e3o!<\/p><\/div><div class=\"icon-container\"><img decoding=\"async\" src=\"https:\/\/www.creads.com\/wp-content\/uploads\/2021\/01\/icon-tick-gear.svg\" alt=\"icone engrenage\" \/><h3>Produtividade<\/h3><p>As nossas ferramentas e a nossa plataforma facilitam trocas de ideias, devolu\u00e7\u00f5es e corre\u00e7\u00f5es, para poupar tempo de execu\u00e7\u00e3o, sem nunca comprometer a qualidade!<\/p><\/div><div class=\"icon-container\"><img decoding=\"async\" src=\"https:\/\/www.creads.com\/wp-content\/uploads\/2021\/01\/icon-diamond.svg\" alt=\"icone diamant\" \/><h3>Respeito<\/h3><p>Respeito por cada cliente. Respeito pelos talentos criativos. Respeito pelas nossas equipas. Respeito pelo or\u00e7amento, pelos prazos e pela entrega.<\/p><\/div>    <\/div>\n  <\/div>\n  <div class=\"big-carousel owl-carousel\">\n    <img decoding=\"async\" class=\"slide\" srcset=\"https:\/\/www.creads.com\/wp-content\/uploads\/2021\/02\/creads-3-1024x614.jpg 750w, https:\/\/www.creads.com\/wp-content\/uploads\/2021\/02\/creads-3.jpg 2000w\" sizes=\"(max-width: 1000px) 1px, 100vw\" src=\"https:\/\/www.creads.com\/wp-content\/uploads\/2021\/02\/creads-3.jpg\" alt=\"creads\" data-skip-lazy \/><img decoding=\"async\" class=\"slide\" srcset=\"https:\/\/www.creads.com\/wp-content\/uploads\/2021\/02\/creads-6-1024x614.jpg 750w, https:\/\/www.creads.com\/wp-content\/uploads\/2021\/02\/creads-6.jpg 2000w\" sizes=\"(max-width: 1000px) 1px, 100vw\" src=\"https:\/\/www.creads.com\/wp-content\/uploads\/2021\/02\/creads-6.jpg\" alt=\"creads\" data-skip-lazy \/><img decoding=\"async\" class=\"slide\" srcset=\"https:\/\/www.creads.com\/wp-content\/uploads\/2021\/02\/creads-5-1024x614.jpg 750w, https:\/\/www.creads.com\/wp-content\/uploads\/2021\/02\/creads-5.jpg 2000w\" sizes=\"(max-width: 1000px) 1px, 100vw\" src=\"https:\/\/www.creads.com\/wp-content\/uploads\/2021\/02\/creads-5.jpg\" alt=\"creads\" data-skip-lazy \/><img decoding=\"async\" class=\"slide\" srcset=\"https:\/\/www.creads.com\/wp-content\/uploads\/2021\/02\/creads-1-1024x614.jpg 750w, https:\/\/www.creads.com\/wp-content\/uploads\/2021\/02\/creads-1.jpg 2000w\" sizes=\"(max-width: 1000px) 1px, 100vw\" src=\"https:\/\/www.creads.com\/wp-content\/uploads\/2021\/02\/creads-1.jpg\" alt=\"creads\" data-skip-lazy \/><img decoding=\"async\" class=\"slide\" srcset=\"https:\/\/www.creads.com\/wp-content\/uploads\/2021\/02\/creads-2-1024x614.jpg 750w, https:\/\/www.creads.com\/wp-content\/uploads\/2021\/02\/creads-2.jpg 2000w\" sizes=\"(max-width: 1000px) 1px, 100vw\" src=\"https:\/\/www.creads.com\/wp-content\/uploads\/2021\/02\/creads-2.jpg\" alt=\"creads\" data-skip-lazy \/><img decoding=\"async\" class=\"slide\" srcset=\"https:\/\/www.creads.com\/wp-content\/uploads\/2021\/02\/creads-4-1024x614.jpg 750w, https:\/\/www.creads.com\/wp-content\/uploads\/2021\/02\/creads-4.jpg 2000w\" sizes=\"(max-width: 1000px) 1px, 100vw\" src=\"https:\/\/www.creads.com\/wp-content\/uploads\/2021\/02\/creads-4.jpg\" alt=\"creads\" data-skip-lazy \/><img decoding=\"async\" class=\"slide\" srcset=\"https:\/\/www.creads.com\/wp-content\/uploads\/2021\/02\/creads-7-1024x614.jpg 750w, https:\/\/www.creads.com\/wp-content\/uploads\/2021\/02\/creads-7.jpg 2000w\" sizes=\"(max-width: 1000px) 1px, 100vw\" src=\"https:\/\/www.creads.com\/wp-content\/uploads\/2021\/02\/creads-7.jpg\" alt=\"creads\" data-skip-lazy \/>  <\/div>\n  <div class=\"container\">\n    <div class=\"numbers-container creads-countup-container\"><div class=\"number-container\"><p class=\"number\">+ <span class=\"creads-countup\">200<\/span><\/p><p class=\"subtitle\">partidas de dardos jogadas<\/p><\/div><div class=\"number-container\"><p class=\"number\">+ <span class=\"creads-countup\">800<\/span><\/p><p class=\"subtitle\">litros de caf\u00e9 preparados<\/p><\/div><div class=\"number-container\"><p class=\"number\">+ <span class=\"creads-countup\">60<\/span><\/p><p class=\"subtitle\">l\u00e2mpadas para substituir<\/p><\/div><div class=\"number-container\"><p class=\"number\">+ <span class=\"creads-countup\">42<\/span><\/p><p class=\"subtitle\">graus nas instala\u00e7\u00f5es (no ver\u00e3o)<\/p><\/div><\/div>  <\/div>\n<\/section>\n\n\n<section class=\"creads-block creads-wysiwyg\" style=\"background-color:#f4f4f4;\" id=\"contact\">\n  <div class=\"container\">\n    <div>\n<h2><span lang=\"PT\">CONTACTE-NOS<\/span><\/h2>\n<\/div>\n<p><!-- [if lte IE 8]>\n<script charset=\"utf-8\" type=\"text\/javascript\" src=\"\/\/js.hsforms.net\/forms\/v2-legacy.js\"><\/script>\n<![endif]--><br \/><script charset=\"utf-8\" type=\"text\/javascript\" src=\"\/\/js.hsforms.net\/forms\/v2.js\"><\/script><br \/><script>\n  hbspt.forms.create({\n\tregion: \"na1\",\n\tportalId: \"2887728\",\n\tformId: \"6b17ec8c-5541-40a1-89f8-444b6fe1ad3a\"\n});\n<\/script><\/p>\n  <\/div>\n<\/section>","protected":false},"excerpt":{"rendered":"","protected":false},"author":1,"featured_media":0,"parent":0,"menu_order":0,"comment_status":"closed","ping_status":"closed","template":"","meta":{"_et_pb_use_builder":"","_et_pb_old_content":"","footnotes":""},"class_list":["post-49872","page","type-page","status-publish","hentry"],"yoast_head":"<!-- This site is optimized with the Yoast SEO plugin v23.8 - https:\/\/yoast.com\/wordpress\/plugins\/seo\/ -->\n<title>Creads: a plataforma l\u00edder de cria\u00e7\u00e3o de conte\u00fados online em Fran\u00e7a<\/title>\n<meta name=\"description\" content=\"CREADS liga-o com o melhor talento criativo para produzir o seu conte\u00fado e apoia-o ao longo do seu projecto.\" \/>\n<meta name=\"robots\" content=\"index, follow, max-snippet:-1, max-image-preview:large, max-video-preview:-1\" \/>\n<link rel=\"canonical\" href=\"https:\/\/www.creads.com\/pt-pt\/creads\/\" \/>\n<meta property=\"og:locale\" content=\"pt_PT\" \/>\n<meta property=\"og:type\" content=\"article\" \/>\n<meta property=\"og:title\" content=\"Creads: a plataforma l\u00edder de cria\u00e7\u00e3o de conte\u00fados online em Fran\u00e7a\" \/>\n<meta property=\"og:description\" content=\"CREADS liga-o com o melhor talento criativo para produzir o seu conte\u00fado e apoia-o ao longo do seu projecto.\" \/>\n<meta property=\"og:url\" content=\"https:\/\/www.creads.com\/pt-pt\/creads\/\" \/>\n<meta property=\"og:site_name\" content=\"CREADS\" \/>\n<meta property=\"article:publisher\" content=\"https:\/\/fr-fr.facebook.com\/creads\/\" \/>\n<meta property=\"article:modified_time\" content=\"2022-02-12T08:49:09+00:00\" \/>\n<meta property=\"og:image\" content=\"https:\/\/www.creads.com\/wp-content\/uploads\/2021\/02\/page-creads.png\" \/>\n\t<meta property=\"og:image:width\" content=\"2754\" \/>\n\t<meta property=\"og:image:height\" content=\"1524\" \/>\n\t<meta property=\"og:image:type\" content=\"image\/png\" \/>\n<meta name=\"twitter:card\" content=\"summary_large_image\" \/>\n<meta name=\"twitter:title\" content=\"Creads: a plataforma l\u00edder de cria\u00e7\u00e3o de conte\u00fados online em Fran\u00e7a\" \/>\n<meta name=\"twitter:description\" content=\"CREADS liga-o com o melhor talento criativo para produzir o seu conte\u00fado e apoia-o ao longo do seu projecto.\" \/>\n<meta name=\"twitter:image\" content=\"https:\/\/www.creads.com\/wp-content\/uploads\/2021\/02\/page-creads.png\" \/>\n<meta name=\"twitter:site\" content=\"@creads\" \/>\n<script type=\"application\/ld+json\" class=\"yoast-schema-graph\">{\"@context\":\"https:\/\/schema.org\",\"@graph\":[{\"@type\":\"WebPage\",\"@id\":\"https:\/\/www.creads.com\/pt-pt\/creads\/\",\"url\":\"https:\/\/www.creads.com\/pt-pt\/creads\/\",\"name\":\"Creads: a plataforma l\u00edder de cria\u00e7\u00e3o de conte\u00fados online em Fran\u00e7a\",\"isPartOf\":{\"@id\":\"https:\/\/www.creads.com\/#website\"},\"datePublished\":\"2021-01-14T02:05:36+00:00\",\"dateModified\":\"2022-02-12T08:49:09+00:00\",\"description\":\"CREADS liga-o com o melhor talento criativo para produzir o seu conte\u00fado e apoia-o ao longo do seu projecto.\",\"breadcrumb\":{\"@id\":\"https:\/\/www.creads.com\/pt-pt\/creads\/#breadcrumb\"},\"inLanguage\":\"pt-PT\",\"potentialAction\":[{\"@type\":\"ReadAction\",\"target\":[\"https:\/\/www.creads.com\/pt-pt\/creads\/\"]}]},{\"@type\":\"BreadcrumbList\",\"@id\":\"https:\/\/www.creads.com\/pt-pt\/creads\/#breadcrumb\",\"itemListElement\":[{\"@type\":\"ListItem\",\"position\":1,\"name\":\"Creads\",\"item\":\"https:\/\/www.creads.com\/pt-pt\/\"},{\"@type\":\"ListItem\",\"position\":2,\"name\":\"Creads\"}]},{\"@type\":\"WebSite\",\"@id\":\"https:\/\/www.creads.com\/#website\",\"url\":\"https:\/\/www.creads.com\/\",\"name\":\"CREADS\",\"description\":\"\",\"publisher\":{\"@id\":\"https:\/\/www.creads.com\/#organization\"},\"potentialAction\":[{\"@type\":\"SearchAction\",\"target\":{\"@type\":\"EntryPoint\",\"urlTemplate\":\"https:\/\/www.creads.com\/?s={search_term_string}\"},\"query-input\":{\"@type\":\"PropertyValueSpecification\",\"valueRequired\":true,\"valueName\":\"search_term_string\"}}],\"inLanguage\":\"pt-PT\"},{\"@type\":\"Organization\",\"@id\":\"https:\/\/www.creads.com\/#organization\",\"name\":\"Creads\",\"url\":\"https:\/\/www.creads.com\/\",\"logo\":{\"@type\":\"ImageObject\",\"inLanguage\":\"pt-PT\",\"@id\":\"https:\/\/www.creads.com\/#\/schema\/logo\/image\/\",\"url\":\"https:\/\/www.creads.com\/wp-content\/uploads\/2021\/06\/Logo-Creads-Baseline-Noir.png\",\"contentUrl\":\"https:\/\/www.creads.com\/wp-content\/uploads\/2021\/06\/Logo-Creads-Baseline-Noir.png\",\"width\":6487,\"height\":2611,\"caption\":\"Creads\"},\"image\":{\"@id\":\"https:\/\/www.creads.com\/#\/schema\/logo\/image\/\"},\"sameAs\":[\"https:\/\/fr-fr.facebook.com\/creads\/\",\"https:\/\/x.com\/creads\",\"https:\/\/www.instagram.com\/creads\/\",\"https:\/\/fr.linkedin.com\/company\/creads\",\"https:\/\/www.pinterest.fr\/agencecreads\/\"]}]}<\/script>\n<!-- \/ Yoast SEO plugin. -->","yoast_head_json":{"title":"Creads: a plataforma l\u00edder de cria\u00e7\u00e3o de conte\u00fados online em Fran\u00e7a","description":"CREADS liga-o com o melhor talento criativo para produzir o seu conte\u00fado e apoia-o ao longo do seu projecto.","robots":{"index":"index","follow":"follow","max-snippet":"max-snippet:-1","max-image-preview":"max-image-preview:large","max-video-preview":"max-video-preview:-1"},"canonical":"https:\/\/www.creads.com\/pt-pt\/creads\/","og_locale":"pt_PT","og_type":"article","og_title":"Creads: a plataforma l\u00edder de cria\u00e7\u00e3o de conte\u00fados online em Fran\u00e7a","og_description":"CREADS liga-o com o melhor talento criativo para produzir o seu conte\u00fado e apoia-o ao longo do seu projecto.","og_url":"https:\/\/www.creads.com\/pt-pt\/creads\/","og_site_name":"CREADS","article_publisher":"https:\/\/fr-fr.facebook.com\/creads\/","article_modified_time":"2022-02-12T08:49:09+00:00","og_image":[{"width":2754,"height":1524,"url":"https:\/\/www.creads.com\/wp-content\/uploads\/2021\/02\/page-creads.png","type":"image\/png"}],"twitter_card":"summary_large_image","twitter_title":"Creads: a plataforma l\u00edder de cria\u00e7\u00e3o de conte\u00fados online em Fran\u00e7a","twitter_description":"CREADS liga-o com o melhor talento criativo para produzir o seu conte\u00fado e apoia-o ao longo do seu projecto.","twitter_image":"https:\/\/www.creads.com\/wp-content\/uploads\/2021\/02\/page-creads.png","twitter_site":"@creads","schema":{"@context":"https:\/\/schema.org","@graph":[{"@type":"WebPage","@id":"https:\/\/www.creads.com\/pt-pt\/creads\/","url":"https:\/\/www.creads.com\/pt-pt\/creads\/","name":"Creads: a plataforma l\u00edder de cria\u00e7\u00e3o de conte\u00fados online em Fran\u00e7a","isPartOf":{"@id":"https:\/\/www.creads.com\/#website"},"datePublished":"2021-01-14T02:05:36+00:00","dateModified":"2022-02-12T08:49:09+00:00","description":"CREADS liga-o com o melhor talento criativo para produzir o seu conte\u00fado e apoia-o ao longo do seu projecto.","breadcrumb":{"@id":"https:\/\/www.creads.com\/pt-pt\/creads\/#breadcrumb"},"inLanguage":"pt-PT","potentialAction":[{"@type":"ReadAction","target":["https:\/\/www.creads.com\/pt-pt\/creads\/"]}]},{"@type":"BreadcrumbList","@id":"https:\/\/www.creads.com\/pt-pt\/creads\/#breadcrumb","itemListElement":[{"@type":"ListItem","position":1,"name":"Creads","item":"https:\/\/www.creads.com\/pt-pt\/"},{"@type":"ListItem","position":2,"name":"Creads"}]},{"@type":"WebSite","@id":"https:\/\/www.creads.com\/#website","url":"https:\/\/www.creads.com\/","name":"CREADS","description":"","publisher":{"@id":"https:\/\/www.creads.com\/#organization"},"potentialAction":[{"@type":"SearchAction","target":{"@type":"EntryPoint","urlTemplate":"https:\/\/www.creads.com\/?s={search_term_string}"},"query-input":{"@type":"PropertyValueSpecification","valueRequired":true,"valueName":"search_term_string"}}],"inLanguage":"pt-PT"},{"@type":"Organization","@id":"https:\/\/www.creads.com\/#organization","name":"Creads","url":"https:\/\/www.creads.com\/","logo":{"@type":"ImageObject","inLanguage":"pt-PT","@id":"https:\/\/www.creads.com\/#\/schema\/logo\/image\/","url":"https:\/\/www.creads.com\/wp-content\/uploads\/2021\/06\/Logo-Creads-Baseline-Noir.png","contentUrl":"https:\/\/www.creads.com\/wp-content\/uploads\/2021\/06\/Logo-Creads-Baseline-Noir.png","width":6487,"height":2611,"caption":"Creads"},"image":{"@id":"https:\/\/www.creads.com\/#\/schema\/logo\/image\/"},"sameAs":["https:\/\/fr-fr.facebook.com\/creads\/","https:\/\/x.com\/creads","https:\/\/www.instagram.com\/creads\/","https:\/\/fr.linkedin.com\/company\/creads","https:\/\/www.pinterest.fr\/agencecreads\/"]}]}},"meta_box":{"creads_header_theme":"dark"},"_links":{"self":[{"href":"https:\/\/www.creads.com\/pt-pt\/wp-json\/wp\/v2\/pages\/49872"}],"collection":[{"href":"https:\/\/www.creads.com\/pt-pt\/wp-json\/wp\/v2\/pages"}],"about":[{"href":"https:\/\/www.creads.com\/pt-pt\/wp-json\/wp\/v2\/types\/page"}],"author":[{"embeddable":true,"href":"https:\/\/www.creads.com\/pt-pt\/wp-json\/wp\/v2\/users\/1"}],"replies":[{"embeddable":true,"href":"https:\/\/www.creads.com\/pt-pt\/wp-json\/wp\/v2\/comments?post=49872"}],"version-history":[{"count":5,"href":"https:\/\/www.creads.com\/pt-pt\/wp-json\/wp\/v2\/pages\/49872\/revisions"}],"predecessor-version":[{"id":66146,"href":"https:\/\/www.creads.com\/pt-pt\/wp-json\/wp\/v2\/pages\/49872\/revisions\/66146"}],"wp:attachment":[{"href":"https:\/\/www.creads.com\/pt-pt\/wp-json\/wp\/v2\/media?parent=49872"}],"curies":[{"name":"wp","href":"https:\/\/api.w.org\/{rel}","templated":true}]}}